{"id":1055,"date":"2020-03-10T18:27:05","date_gmt":"2020-03-10T17:27:05","guid":{"rendered":"http:\/\/guillaume-castel-archi.com\/?page_id=1055"},"modified":"2020-04-26T13:28:29","modified_gmt":"2020-04-26T11:28:29","slug":"chaix-hotel-vogue","status":"publish","type":"page","link":"https:\/\/guillaume-castel-archi.com\/?page_id=1055","title":{"rendered":"Chaix Hotel Vogue"},"content":{"rendered":"\n<div class=\"wp-block-columns has-2-columns is-layout-flex wp-container-3\">\n<div class=\"wp-block-column is-layout-flow\">\n<figure class=\"wp-block-image\"><img decoding=\"async\" loading=\"lazy\" width=\"778\" height=\"600\" src=\"http:\/\/guillaume-castel-archi.com\/wp-content\/uploads\/2020\/04\/showthumb.aspx_.jpg\" alt=\"\" class=\"wp-image-1151\" srcset=\"https:\/\/guillaume-castel-archi.com\/wp-content\/uploads\/2020\/04\/showthumb.aspx_.jpg 778w, https:\/\/guillaume-castel-archi.com\/wp-content\/uploads\/2020\/04\/showthumb.aspx_-300x231.jpg 300w, https:\/\/guillaume-castel-archi.com\/wp-content\/uploads\/2020\/04\/showthumb.aspx_-768x592.jpg 768w\" sizes=\"(max-width: 767px) 89vw, (max-width: 1000px) 54vw, (max-width: 1071px) 543px, 580px\" \/><\/figure>\n\n\n\n<p><\/p>\n<\/div>\n\n\n\n<div class=\"wp-block-column is-layout-flow\">\n<figure class=\"wp-block-image\"><img decoding=\"async\" loading=\"lazy\" width=\"461\" height=\"308\" src=\"http:\/\/guillaume-castel-archi.com\/wp-content\/uploads\/2020\/04\/Centre_danalyse_strat\u00e9gique.jpg\" alt=\"\" class=\"wp-image-1145\" srcset=\"https:\/\/guillaume-castel-archi.com\/wp-content\/uploads\/2020\/04\/Centre_danalyse_strat\u00e9gique.jpg 461w, https:\/\/guillaume-castel-archi.com\/wp-content\/uploads\/2020\/04\/Centre_danalyse_strat\u00e9gique-300x200.jpg 300w\" sizes=\"(max-width: 461px) 100vw, 461px\" \/><\/figure>\n<\/div>\n<\/div>\n\n\n\n<figure class=\"wp-block-image size-large\"><img decoding=\"async\" loading=\"lazy\" width=\"885\" height=\"702\" src=\"http:\/\/guillaume-castel-archi.com\/wp-content\/uploads\/2020\/04\/CMA_BRM_DCE_3D.jpg\" alt=\"\" class=\"wp-image-1073\" srcset=\"https:\/\/guillaume-castel-archi.com\/wp-content\/uploads\/2020\/04\/CMA_BRM_DCE_3D.jpg 885w, https:\/\/guillaume-castel-archi.com\/wp-content\/uploads\/2020\/04\/CMA_BRM_DCE_3D-300x238.jpg 300w, https:\/\/guillaume-castel-archi.com\/wp-content\/uploads\/2020\/04\/CMA_BRM_DCE_3D-768x609.jpg 768w\" sizes=\"(max-width: 767px) 89vw, (max-width: 1000px) 54vw, (max-width: 1071px) 543px, 580px\" \/><\/figure>\n\n\n\n<div class=\"wp-block-columns has-3-columns is-layout-flex wp-container-7\">\n<div class=\"wp-block-column is-layout-flow\">\n<figure class=\"wp-block-image\"><img decoding=\"async\" loading=\"lazy\" width=\"778\" height=\"600\" src=\"http:\/\/guillaume-castel-archi.com\/wp-content\/uploads\/2020\/04\/showthumb.aspx3_.jpg\" alt=\"\" class=\"wp-image-1153\" srcset=\"https:\/\/guillaume-castel-archi.com\/wp-content\/uploads\/2020\/04\/showthumb.aspx3_.jpg 778w, https:\/\/guillaume-castel-archi.com\/wp-content\/uploads\/2020\/04\/showthumb.aspx3_-300x231.jpg 300w, https:\/\/guillaume-castel-archi.com\/wp-content\/uploads\/2020\/04\/showthumb.aspx3_-768x592.jpg 768w\" sizes=\"(max-width: 767px) 89vw, (max-width: 1000px) 54vw, (max-width: 1071px) 543px, 580px\" \/><\/figure>\n<\/div>\n\n\n\n<div class=\"wp-block-column is-layout-flow\">\n<figure class=\"wp-block-image\"><img decoding=\"async\" loading=\"lazy\" width=\"200\" height=\"300\" src=\"http:\/\/guillaume-castel-archi.com\/wp-content\/uploads\/2020\/04\/H\u00f4tel_de_Vog\u00fc\u00e9_Paris_escalier-200x300.jpg\" alt=\"\" class=\"wp-image-1146\" srcset=\"https:\/\/guillaume-castel-archi.com\/wp-content\/uploads\/2020\/04\/H\u00f4tel_de_Vog\u00fc\u00e9_Paris_escalier-200x300.jpg 200w, https:\/\/guillaume-castel-archi.com\/wp-content\/uploads\/2020\/04\/H\u00f4tel_de_Vog\u00fc\u00e9_Paris_escalier.jpg 308w\" sizes=\"(max-width: 200px) 100vw, 200px\" \/><\/figure>\n<\/div>\n\n\n\n<div class=\"wp-block-column is-layout-flow\">\n<figure class=\"wp-block-image\"><img decoding=\"async\" loading=\"lazy\" width=\"1024\" height=\"768\" src=\"http:\/\/guillaume-castel-archi.com\/wp-content\/uploads\/2020\/04\/1200px-H\u00f4tel_de_Vog\u00fc\u00e9_Paris_7-1024x768.jpg\" alt=\"\" class=\"wp-image-1144\" srcset=\"https:\/\/guillaume-castel-archi.com\/wp-content\/uploads\/2020\/04\/1200px-H\u00f4tel_de_Vog\u00fc\u00e9_Paris_7-1024x768.jpg 1024w, https:\/\/guillaume-castel-archi.com\/wp-content\/uploads\/2020\/04\/1200px-H\u00f4tel_de_Vog\u00fc\u00e9_Paris_7-300x225.jpg 300w, https:\/\/guillaume-castel-archi.com\/wp-content\/uploads\/2020\/04\/1200px-H\u00f4tel_de_Vog\u00fc\u00e9_Paris_7-768x576.jpg 768w, https:\/\/guillaume-castel-archi.com\/wp-content\/uploads\/2020\/04\/1200px-H\u00f4tel_de_Vog\u00fc\u00e9_Paris_7.jpg 1200w\" sizes=\"(max-width: 767px) 89vw, (max-width: 1000px) 54vw, (max-width: 1071px) 543px, 580px\" \/><\/figure>\n<\/div>\n<\/div>\n\n\n\n<p>Atelier Chaix &amp; Morel et Associ\u00e9s   <\/p>\n\n\n\n<p>Chef de projet :   Melodie Renault    <\/p>\n\n\n<p><!--EndFragment--><\/p>\n\n\n<p>Ma\u00eetrise d&rsquo;ouvrage :   Raise immobilier                    <\/p>\n\n\n\n<p>Paris 7eme, rue Martignac, ancien \u00a0\u00bb <a href=\"https:\/\/fr.wikipedia.org\/wiki\/France_Strat%C3%A9gie\">Commissariat g\u00e9n\u00e9ral \u00e0 la strat\u00e9gie et \u00e0 la prospective<\/a> \u00ab\u00a0<br>R\u00e9habilitation lourde de Bureaux                      Surface =  3 400 m\u00b2                      <\/p>\n\n\n\n<p>En cours : livraison Juillet 2021                   <\/p>\n\n\n\n<p>Bureaux associ\u00e9s : Architecte conseil Monuments historiques Lagneau &#8211; architectes,  BET Structure TEC .CO , BET fluides G.V Ingenierie&#8230; <\/p>\n\n\n\n<p><strong>R\u00f4le sur le projet<\/strong><\/p>\n\n\n\n<p>Architecte membre de l&rsquo;\u00e9quipe du projet, <\/p>\n\n\n\n<p> R\u00e9alisation d\u2019un dossier ACT, r\u00e9unions avec BETs, \u00e9laboration de carnets de d\u00e9tails,<\/p>\n\n\n\n<p>Phases :  DCE\/ACT <\/p>\n\n\n\n<p>Logiciel : Revit<\/p>\n\n\n\n<p>Mon travail a consist\u00e9 \u00e0 \u00e9tablir une synthese globale du projet ainsi que des traitements des d\u00e9cors interieurs.<\/p>\n\n\n\n<hr class=\"wp-block-separator\"\/>\n\n\n\n<div class=\"wp-block-columns has-2-columns is-layout-flex wp-container-10\">\n<div class=\"wp-block-column is-layout-flow\">\n<figure class=\"wp-block-image\"><img decoding=\"async\" loading=\"lazy\" width=\"1024\" height=\"576\" src=\"http:\/\/guillaume-castel-archi.com\/wp-content\/uploads\/2020\/04\/hall1-HPVOGUE2-personnages-1024x576.jpg\" alt=\"\" class=\"wp-image-1104\" srcset=\"https:\/\/guillaume-castel-archi.com\/wp-content\/uploads\/2020\/04\/hall1-HPVOGUE2-personnages-1024x576.jpg 1024w, https:\/\/guillaume-castel-archi.com\/wp-content\/uploads\/2020\/04\/hall1-HPVOGUE2-personnages-300x169.jpg 300w, https:\/\/guillaume-castel-archi.com\/wp-content\/uploads\/2020\/04\/hall1-HPVOGUE2-personnages-768x432.jpg 768w, https:\/\/guillaume-castel-archi.com\/wp-content\/uploads\/2020\/04\/hall1-HPVOGUE2-personnages.jpg 1920w\" sizes=\"(max-width: 767px) 89vw, (max-width: 1000px) 54vw, (max-width: 1071px) 543px, 580px\" \/><\/figure>\n<\/div>\n\n\n\n<div class=\"wp-block-column is-layout-flow\">\n<figure class=\"wp-block-image\"><img decoding=\"async\" loading=\"lazy\" width=\"273\" height=\"300\" src=\"http:\/\/guillaume-castel-archi.com\/wp-content\/uploads\/2020\/04\/entr\u00e9e2-HPVOGUE-273x300.jpg\" alt=\"\" class=\"wp-image-1103\" srcset=\"https:\/\/guillaume-castel-archi.com\/wp-content\/uploads\/2020\/04\/entr\u00e9e2-HPVOGUE-273x300.jpg 273w, https:\/\/guillaume-castel-archi.com\/wp-content\/uploads\/2020\/04\/entr\u00e9e2-HPVOGUE-768x844.jpg 768w, https:\/\/guillaume-castel-archi.com\/wp-content\/uploads\/2020\/04\/entr\u00e9e2-HPVOGUE-931x1024.jpg 931w, https:\/\/guillaume-castel-archi.com\/wp-content\/uploads\/2020\/04\/entr\u00e9e2-HPVOGUE.jpg 1358w\" sizes=\"(max-width: 273px) 100vw, 273px\" \/><\/figure>\n<\/div>\n<\/div>\n\n\n\n<div class=\"wp-block-columns has-2-columns is-layout-flex wp-container-13\">\n<div class=\"wp-block-column is-layout-flow\">\n<figure class=\"wp-block-image\"><img decoding=\"async\" loading=\"lazy\" width=\"1024\" height=\"576\" src=\"http:\/\/guillaume-castel-archi.com\/wp-content\/uploads\/2020\/04\/entr\u00e9e1-HPVOGUE-1024x576.jpg\" alt=\"\" class=\"wp-image-1102\" srcset=\"https:\/\/guillaume-castel-archi.com\/wp-content\/uploads\/2020\/04\/entr\u00e9e1-HPVOGUE-1024x576.jpg 1024w, https:\/\/guillaume-castel-archi.com\/wp-content\/uploads\/2020\/04\/entr\u00e9e1-HPVOGUE-300x169.jpg 300w, https:\/\/guillaume-castel-archi.com\/wp-content\/uploads\/2020\/04\/entr\u00e9e1-HPVOGUE-768x432.jpg 768w, https:\/\/guillaume-castel-archi.com\/wp-content\/uploads\/2020\/04\/entr\u00e9e1-HPVOGUE.jpg 1920w\" sizes=\"(max-width: 767px) 89vw, (max-width: 1000px) 54vw, (max-width: 1071px) 543px, 580px\" \/><\/figure>\n<\/div>\n\n\n\n<div class=\"wp-block-column is-layout-flow\">\n<figure class=\"wp-block-image\"><img decoding=\"async\" loading=\"lazy\" width=\"1024\" height=\"576\" src=\"http:\/\/guillaume-castel-archi.com\/wp-content\/uploads\/2020\/04\/jardindhiver-HPVOGUE-modif-1024x576.jpg\" alt=\"\" class=\"wp-image-1105\" srcset=\"https:\/\/guillaume-castel-archi.com\/wp-content\/uploads\/2020\/04\/jardindhiver-HPVOGUE-modif-1024x576.jpg 1024w, https:\/\/guillaume-castel-archi.com\/wp-content\/uploads\/2020\/04\/jardindhiver-HPVOGUE-modif-300x169.jpg 300w, https:\/\/guillaume-castel-archi.com\/wp-content\/uploads\/2020\/04\/jardindhiver-HPVOGUE-modif-768x432.jpg 768w, https:\/\/guillaume-castel-archi.com\/wp-content\/uploads\/2020\/04\/jardindhiver-HPVOGUE-modif.jpg 1920w\" sizes=\"(max-width: 767px) 89vw, (max-width: 1000px) 54vw, (max-width: 1071px) 543px, 580px\" \/><\/figure>\n<\/div>\n<\/div>\n\n\n\n<figure class=\"wp-block-image size-large is-resized\"><a href=\"http:\/\/www.chaixetmorel.com\/fr\/cat\/3\/277\/\" target=\"_blank\" rel=\"noopener noreferrer\"><img decoding=\"async\" loading=\"lazy\" src=\"http:\/\/guillaume-castel-archi.com\/wp-content\/uploads\/2020\/04\/H\u00f4tel_de_Vog\u00fc\u00e9_.jpg\" alt=\"\" class=\"wp-image-1149\" width=\"125\" height=\"150\"\/><\/a><figcaption>Voir le projet sur le site CHAIX ET MOREL<\/figcaption><\/figure>\n\n\n\n<p><\/p>\n","protected":false},"excerpt":{"rendered":"<p>Atelier Chaix &amp; Morel et Associ\u00e9s Chef de projet : Melodie Renault Ma\u00eetrise d&rsquo;ouvrage : Raise immobilier Paris 7eme, rue Martignac, ancien \u00a0\u00bb Commissariat g\u00e9n\u00e9ral \u00e0 la strat\u00e9gie et \u00e0 la prospective \u00ab\u00a0R\u00e9habilitation lourde de Bureaux Surface = 3 400 m\u00b2 En cours : livraison Juillet 2021 Bureaux associ\u00e9s : Architecte conseil Monuments historiques Lagneau &hellip; <\/p>\n<p class=\"link-more\"><a href=\"https:\/\/guillaume-castel-archi.com\/?page_id=1055\" class=\"more-link\">Continuer la lecture<span class=\"screen-reader-text\"> de &laquo;&nbsp;Chaix Hotel Vogue&nbsp;&raquo;<\/span><\/a><\/p>\n","protected":false},"author":1,"featured_media":1152,"parent":1050,"menu_order":2,"comment_status":"closed","ping_status":"closed","template":"","meta":[],"_links":{"self":[{"href":"https:\/\/guillaume-castel-archi.com\/index.php?rest_route=\/wp\/v2\/pages\/1055"}],"collection":[{"href":"https:\/\/guillaume-castel-archi.com\/index.php?rest_route=\/wp\/v2\/pages"}],"about":[{"href":"https:\/\/guillaume-castel-archi.com\/index.php?rest_route=\/wp\/v2\/types\/page"}],"author":[{"embeddable":true,"href":"https:\/\/guillaume-castel-archi.com\/index.php?rest_route=\/wp\/v2\/users\/1"}],"replies":[{"embeddable":true,"href":"https:\/\/guillaume-castel-archi.com\/index.php?rest_route=%2Fwp%2Fv2%2Fcomments&post=1055"}],"version-history":[{"count":14,"href":"https:\/\/guillaume-castel-archi.com\/index.php?rest_route=\/wp\/v2\/pages\/1055\/revisions"}],"predecessor-version":[{"id":1180,"href":"https:\/\/guillaume-castel-archi.com\/index.php?rest_route=\/wp\/v2\/pages\/1055\/revisions\/1180"}],"up":[{"embeddable":true,"href":"https:\/\/guillaume-castel-archi.com\/index.php?rest_route=\/wp\/v2\/pages\/1050"}],"wp:featuredmedia":[{"embeddable":true,"href":"https:\/\/guillaume-castel-archi.com\/index.php?rest_route=\/wp\/v2\/media\/1152"}],"wp:attachment":[{"href":"https:\/\/guillaume-castel-archi.com\/index.php?rest_route=%2Fwp%2Fv2%2Fmedia&parent=1055"}],"curies":[{"name":"wp","href":"https:\/\/api.w.org\/{rel}","templated":true}]}}