{"id":177,"date":"2019-10-07T12:38:31","date_gmt":"2019-10-07T10:38:31","guid":{"rendered":"http:\/\/guillaume-castel-archi.com\/?page_id=177"},"modified":"2019-10-09T17:14:42","modified_gmt":"2019-10-09T15:14:42","slug":"daudre-le-vesinet","status":"publish","type":"page","link":"https:\/\/guillaume-castel-archi.com\/?page_id=177","title":{"rendered":"Daudre Le vesinet"},"content":{"rendered":"\n<figure class=\"wp-block-image\"><a href=\"http:\/\/guillaume-castel-archi.com\/wp-content\/uploads\/2019\/10\/11-Vue-2.jpg\"><img decoding=\"async\" loading=\"lazy\" width=\"1024\" height=\"537\" src=\"http:\/\/guillaume-castel-archi.com\/wp-content\/uploads\/2019\/10\/11-Vue-2-1024x537.jpg\" alt=\"\" class=\"wp-image-170\" srcset=\"https:\/\/guillaume-castel-archi.com\/wp-content\/uploads\/2019\/10\/11-Vue-2-1024x537.jpg 1024w, https:\/\/guillaume-castel-archi.com\/wp-content\/uploads\/2019\/10\/11-Vue-2-300x157.jpg 300w, https:\/\/guillaume-castel-archi.com\/wp-content\/uploads\/2019\/10\/11-Vue-2-768x403.jpg 768w\" sizes=\"(max-width: 767px) 89vw, (max-width: 1000px) 54vw, (max-width: 1071px) 543px, 580px\" \/><\/a><figcaption>Vue depuis les quais de la gare RER<\/figcaption><\/figure>\n\n\n<p class=\"has-text-align-justify\">Agence d&rsquo;Architecture Daudr\u00e9-vignier &amp; Associ\u00e9s<\/p>\n<p><!-- \/wp:paragraph --><!-- wp:paragraph {\"align\":\"justify\"} --><\/p>\n<p><!-- \/wp:paragraph --><!-- wp:paragraph --><\/p>\n<p>Ma\u00eetrise d&rsquo;ouvrage : Paris Ouest construction, b\u00e2timent neuf<\/p>\n<p>Conception-r\u00e9alisation d&rsquo;une r\u00e9sidence \u00e9tudiante de 97 logement + commerces en RDC.<\/p>\n<p><!-- \/wp:paragraph --><!-- wp:paragraph --><\/p>\n<p>Surface = 2 400 m\u00b2<\/p>\n<p><!-- \/wp:paragraph --><!-- wp:paragraph --><\/p>\n<p><!-- \/wp:paragraph --><!-- wp:paragraph --><\/p>\n<p><!-- \/wp:paragraph --><!-- wp:paragraph --><\/p>\n<p><strong>R\u00f4le sur le projet<\/strong><\/p>\n<p><!-- \/wp:paragraph --><!-- wp:paragraph --><\/p>\n<p>Architecte chef de projet<\/p>\n<p><!-- \/wp:paragraph --><!-- wp:paragraph --><\/p>\n<p>Mise au point des pi\u00e8ces graphiques, constitution des panneaux de concours<\/p>\n<p><!-- \/wp:paragraph --><!-- wp:paragraph --><\/p>\n<p>Phases : Concours<\/p>\n<p><!-- \/wp:paragraph --><!-- wp:paragraph --><\/p>\n<p>Logiciel : Autocad, Sketchup<\/p>\n<p><!-- \/wp:paragraph --><!-- wp:paragraph --><\/p>\n<p>Cr\u00e9ation d&rsquo;\u00e9l\u00e9ments selon une liste de documents graphiques exig\u00e9s pour le concours ce projet. Mon travail a \u00e9t\u00e9 de la mise en page, et production des \u00e9l\u00e9ments des panneaux jusqu&rsquo;\u00e0 leur rendu.<\/p>\n<p><!--EndFragment--><\/p>\n<p><!-- wp:gallery {\"ids\":[160,161,162,163,164,165,166,167,168]} --><\/p>\n<ul class=\"wp-block-gallery columns-3 is-cropped\">\n<li class=\"blocks-gallery-item\">\n<figure><a href=\"http:\/\/guillaume-castel-archi.com\/wp-content\/uploads\/2019\/10\/01-VESI-PM.jpg\"><img decoding=\"async\" loading=\"lazy\" class=\"alignnone wp-image-160\" src=\"http:\/\/guillaume-castel-archi.com\/wp-content\/uploads\/2019\/10\/01-VESI-PM-1024x717.jpg\" alt=\"\" width=\"1024\" height=\"717\" data-id=\"160\" data-link=\"http:\/\/guillaume-castel-archi.com\/?attachment_id=160\" srcset=\"https:\/\/guillaume-castel-archi.com\/wp-content\/uploads\/2019\/10\/01-VESI-PM-1024x717.jpg 1024w, https:\/\/guillaume-castel-archi.com\/wp-content\/uploads\/2019\/10\/01-VESI-PM-300x210.jpg 300w, https:\/\/guillaume-castel-archi.com\/wp-content\/uploads\/2019\/10\/01-VESI-PM-768x538.jpg 768w\" sizes=\"(max-width: 767px) 89vw, (max-width: 1000px) 54vw, (max-width: 1071px) 543px, 580px\" \/><\/a><\/figure>\n<\/li>\n<li class=\"blocks-gallery-item\">\n<figure><a href=\"http:\/\/guillaume-castel-archi.com\/wp-content\/uploads\/2019\/10\/02-VESI-Plan-RDC.jpg\"><img decoding=\"async\" loading=\"lazy\" class=\"alignnone wp-image-161\" src=\"http:\/\/guillaume-castel-archi.com\/wp-content\/uploads\/2019\/10\/02-VESI-Plan-RDC-1024x718.jpg\" alt=\"\" width=\"1024\" height=\"718\" data-id=\"161\" data-link=\"http:\/\/guillaume-castel-archi.com\/?attachment_id=161\" srcset=\"https:\/\/guillaume-castel-archi.com\/wp-content\/uploads\/2019\/10\/02-VESI-Plan-RDC-1024x718.jpg 1024w, https:\/\/guillaume-castel-archi.com\/wp-content\/uploads\/2019\/10\/02-VESI-Plan-RDC-300x210.jpg 300w, https:\/\/guillaume-castel-archi.com\/wp-content\/uploads\/2019\/10\/02-VESI-Plan-RDC-768x538.jpg 768w\" sizes=\"(max-width: 767px) 89vw, (max-width: 1000px) 54vw, (max-width: 1071px) 543px, 580px\" \/><\/a><\/figure>\n<\/li>\n<li class=\"blocks-gallery-item\">\n<figure><a href=\"http:\/\/guillaume-castel-archi.com\/wp-content\/uploads\/2019\/10\/03-VESI-Plan-R4.jpg\"><img decoding=\"async\" loading=\"lazy\" class=\"alignnone wp-image-162\" src=\"http:\/\/guillaume-castel-archi.com\/wp-content\/uploads\/2019\/10\/03-VESI-Plan-R4-1024x651.jpg\" alt=\"\" width=\"1024\" height=\"651\" data-id=\"162\" data-link=\"http:\/\/guillaume-castel-archi.com\/?attachment_id=162\" srcset=\"https:\/\/guillaume-castel-archi.com\/wp-content\/uploads\/2019\/10\/03-VESI-Plan-R4-1024x651.jpg 1024w, https:\/\/guillaume-castel-archi.com\/wp-content\/uploads\/2019\/10\/03-VESI-Plan-R4-300x191.jpg 300w, https:\/\/guillaume-castel-archi.com\/wp-content\/uploads\/2019\/10\/03-VESI-Plan-R4-768x488.jpg 768w\" sizes=\"(max-width: 767px) 89vw, (max-width: 1000px) 54vw, (max-width: 1071px) 543px, 580px\" \/><\/a><\/figure>\n<\/li>\n<li class=\"blocks-gallery-item\">\n<figure><a href=\"http:\/\/guillaume-castel-archi.com\/wp-content\/uploads\/2019\/10\/04-Facades-1.jpg\"><img decoding=\"async\" loading=\"lazy\" class=\"alignnone wp-image-163\" src=\"http:\/\/guillaume-castel-archi.com\/wp-content\/uploads\/2019\/10\/04-Facades-1-1024x716.jpg\" alt=\"\" width=\"1024\" height=\"716\" data-id=\"163\" data-link=\"http:\/\/guillaume-castel-archi.com\/?attachment_id=163\" srcset=\"https:\/\/guillaume-castel-archi.com\/wp-content\/uploads\/2019\/10\/04-Facades-1-1024x716.jpg 1024w, https:\/\/guillaume-castel-archi.com\/wp-content\/uploads\/2019\/10\/04-Facades-1-300x210.jpg 300w, https:\/\/guillaume-castel-archi.com\/wp-content\/uploads\/2019\/10\/04-Facades-1-768x537.jpg 768w\" sizes=\"(max-width: 767px) 89vw, (max-width: 1000px) 54vw, (max-width: 1071px) 543px, 580px\" \/><\/a><\/figure>\n<\/li>\n<li class=\"blocks-gallery-item\">\n<figure><a href=\"http:\/\/guillaume-castel-archi.com\/wp-content\/uploads\/2019\/10\/05-Facades-2.jpg\"><img decoding=\"async\" loading=\"lazy\" class=\"alignnone wp-image-164\" src=\"http:\/\/guillaume-castel-archi.com\/wp-content\/uploads\/2019\/10\/05-Facades-2-1024x717.jpg\" alt=\"\" width=\"1024\" height=\"717\" data-id=\"164\" data-link=\"http:\/\/guillaume-castel-archi.com\/?attachment_id=164\" srcset=\"https:\/\/guillaume-castel-archi.com\/wp-content\/uploads\/2019\/10\/05-Facades-2-1024x717.jpg 1024w, https:\/\/guillaume-castel-archi.com\/wp-content\/uploads\/2019\/10\/05-Facades-2-300x210.jpg 300w, https:\/\/guillaume-castel-archi.com\/wp-content\/uploads\/2019\/10\/05-Facades-2-768x538.jpg 768w\" sizes=\"(max-width: 767px) 89vw, (max-width: 1000px) 54vw, (max-width: 1071px) 543px, 580px\" \/><\/a><\/figure>\n<\/li>\n<li class=\"blocks-gallery-item\">\n<figure><a href=\"http:\/\/guillaume-castel-archi.com\/wp-content\/uploads\/2019\/10\/06-Coupe-1.jpg\"><img decoding=\"async\" loading=\"lazy\" class=\"alignnone wp-image-165\" src=\"http:\/\/guillaume-castel-archi.com\/wp-content\/uploads\/2019\/10\/06-Coupe-1-1024x571.jpg\" alt=\"\" width=\"1024\" height=\"571\" data-id=\"165\" data-link=\"http:\/\/guillaume-castel-archi.com\/?attachment_id=165\" srcset=\"https:\/\/guillaume-castel-archi.com\/wp-content\/uploads\/2019\/10\/06-Coupe-1-1024x571.jpg 1024w, https:\/\/guillaume-castel-archi.com\/wp-content\/uploads\/2019\/10\/06-Coupe-1-300x167.jpg 300w, https:\/\/guillaume-castel-archi.com\/wp-content\/uploads\/2019\/10\/06-Coupe-1-768x428.jpg 768w\" sizes=\"(max-width: 767px) 89vw, (max-width: 1000px) 54vw, (max-width: 1071px) 543px, 580px\" \/><\/a><\/figure>\n<\/li>\n<li class=\"blocks-gallery-item\">\n<figure><a href=\"http:\/\/guillaume-castel-archi.com\/wp-content\/uploads\/2019\/10\/07-Coupe-2.jpg\"><img decoding=\"async\" loading=\"lazy\" class=\"alignnone wp-image-166\" src=\"http:\/\/guillaume-castel-archi.com\/wp-content\/uploads\/2019\/10\/07-Coupe-2-1024x488.jpg\" alt=\"\" width=\"1024\" height=\"488\" data-id=\"166\" data-link=\"http:\/\/guillaume-castel-archi.com\/?attachment_id=166\" srcset=\"https:\/\/guillaume-castel-archi.com\/wp-content\/uploads\/2019\/10\/07-Coupe-2-1024x488.jpg 1024w, https:\/\/guillaume-castel-archi.com\/wp-content\/uploads\/2019\/10\/07-Coupe-2-300x143.jpg 300w, https:\/\/guillaume-castel-archi.com\/wp-content\/uploads\/2019\/10\/07-Coupe-2-768x366.jpg 768w\" sizes=\"(max-width: 767px) 89vw, (max-width: 1000px) 54vw, (max-width: 1071px) 543px, 580px\" \/><\/a><\/figure>\n<\/li>\n<li class=\"blocks-gallery-item\">\n<figure><a href=\"http:\/\/guillaume-castel-archi.com\/wp-content\/uploads\/2019\/10\/08-Coupe-3.jpg\"><img decoding=\"async\" loading=\"lazy\" class=\"alignnone wp-image-167\" src=\"http:\/\/guillaume-castel-archi.com\/wp-content\/uploads\/2019\/10\/08-Coupe-3-1024x538.jpg\" alt=\"\" width=\"1024\" height=\"538\" data-id=\"167\" data-link=\"http:\/\/guillaume-castel-archi.com\/?attachment_id=167\" srcset=\"https:\/\/guillaume-castel-archi.com\/wp-content\/uploads\/2019\/10\/08-Coupe-3-1024x538.jpg 1024w, https:\/\/guillaume-castel-archi.com\/wp-content\/uploads\/2019\/10\/08-Coupe-3-300x158.jpg 300w, https:\/\/guillaume-castel-archi.com\/wp-content\/uploads\/2019\/10\/08-Coupe-3-768x403.jpg 768w\" sizes=\"(max-width: 767px) 89vw, (max-width: 1000px) 54vw, (max-width: 1071px) 543px, 580px\" \/><\/a><\/figure>\n<\/li>\n<li class=\"blocks-gallery-item\">\n<figure><a href=\"http:\/\/guillaume-castel-archi.com\/wp-content\/uploads\/2019\/10\/09-Details.jpg\"><img decoding=\"async\" loading=\"lazy\" class=\"alignnone wp-image-168\" src=\"http:\/\/guillaume-castel-archi.com\/wp-content\/uploads\/2019\/10\/09-Details-1024x537.jpg\" alt=\"\" width=\"1024\" height=\"537\" data-id=\"168\" data-link=\"http:\/\/guillaume-castel-archi.com\/?attachment_id=168\" srcset=\"https:\/\/guillaume-castel-archi.com\/wp-content\/uploads\/2019\/10\/09-Details-1024x537.jpg 1024w, https:\/\/guillaume-castel-archi.com\/wp-content\/uploads\/2019\/10\/09-Details-300x157.jpg 300w, https:\/\/guillaume-castel-archi.com\/wp-content\/uploads\/2019\/10\/09-Details-768x403.jpg 768w\" sizes=\"(max-width: 767px) 89vw, (max-width: 1000px) 54vw, (max-width: 1071px) 543px, 580px\" \/><\/a><\/figure>\n<\/li>\n<\/ul>\n<p><!-- \/wp:gallery --><\/p>","protected":false},"excerpt":{"rendered":"<p>Agence d&rsquo;Architecture Daudr\u00e9-vignier &amp; Associ\u00e9s Ma\u00eetrise d&rsquo;ouvrage : Paris Ouest construction, b\u00e2timent neuf Conception-r\u00e9alisation d&rsquo;une r\u00e9sidence \u00e9tudiante de 97 logement + commerces en RDC. Surface = 2 400 m\u00b2 R\u00f4le sur le projet Architecte chef de projet Mise au point des pi\u00e8ces graphiques, constitution des panneaux de concours Phases : Concours Logiciel : Autocad, Sketchup &hellip; <\/p>\n<p class=\"link-more\"><a href=\"https:\/\/guillaume-castel-archi.com\/?page_id=177\" class=\"more-link\">Continuer la lecture<span class=\"screen-reader-text\"> de &laquo;&nbsp;Daudre Le vesinet&nbsp;&raquo;<\/span><\/a><\/p>\n","protected":false},"author":1,"featured_media":169,"parent":159,"menu_order":0,"comment_status":"closed","ping_status":"closed","template":"","meta":[],"_links":{"self":[{"href":"https:\/\/guillaume-castel-archi.com\/index.php?rest_route=\/wp\/v2\/pages\/177"}],"collection":[{"href":"https:\/\/guillaume-castel-archi.com\/index.php?rest_route=\/wp\/v2\/pages"}],"about":[{"href":"https:\/\/guillaume-castel-archi.com\/index.php?rest_route=\/wp\/v2\/types\/page"}],"author":[{"embeddable":true,"href":"https:\/\/guillaume-castel-archi.com\/index.php?rest_route=\/wp\/v2\/users\/1"}],"replies":[{"embeddable":true,"href":"https:\/\/guillaume-castel-archi.com\/index.php?rest_route=%2Fwp%2Fv2%2Fcomments&post=177"}],"version-history":[{"count":8,"href":"https:\/\/guillaume-castel-archi.com\/index.php?rest_route=\/wp\/v2\/pages\/177\/revisions"}],"predecessor-version":[{"id":397,"href":"https:\/\/guillaume-castel-archi.com\/index.php?rest_route=\/wp\/v2\/pages\/177\/revisions\/397"}],"up":[{"embeddable":true,"href":"https:\/\/guillaume-castel-archi.com\/index.php?rest_route=\/wp\/v2\/pages\/159"}],"wp:featuredmedia":[{"embeddable":true,"href":"https:\/\/guillaume-castel-archi.com\/index.php?rest_route=\/wp\/v2\/media\/169"}],"wp:attachment":[{"href":"https:\/\/guillaume-castel-archi.com\/index.php?rest_route=%2Fwp%2Fv2%2Fmedia&parent=177"}],"curies":[{"name":"wp","href":"https:\/\/api.w.org\/{rel}","templated":true}]}}