{"id":179,"date":"2019-10-07T12:39:51","date_gmt":"2019-10-07T10:39:51","guid":{"rendered":"http:\/\/guillaume-castel-archi.com\/?page_id=179"},"modified":"2019-10-08T12:05:37","modified_gmt":"2019-10-08T10:05:37","slug":"daudre-ingres","status":"publish","type":"page","link":"https:\/\/guillaume-castel-archi.com\/?page_id=179","title":{"rendered":"Daudre Ingres"},"content":{"rendered":"\n<ul class=\"wp-block-gallery columns-2 is-cropped wp-block-gallery-1 is-layout-flex\"><li class=\"blocks-gallery-item\"><figure><img decoding=\"async\" loading=\"lazy\" width=\"1024\" height=\"641\" src=\"http:\/\/guillaume-castel-archi.com\/wp-content\/uploads\/2019\/10\/06-vue-2-1024x641.jpg\" alt=\"\" data-id=\"172\" data-link=\"http:\/\/guillaume-castel-archi.com\/?attachment_id=172\" class=\"wp-image-172\" srcset=\"https:\/\/guillaume-castel-archi.com\/wp-content\/uploads\/2019\/10\/06-vue-2-1024x641.jpg 1024w, https:\/\/guillaume-castel-archi.com\/wp-content\/uploads\/2019\/10\/06-vue-2-300x188.jpg 300w, https:\/\/guillaume-castel-archi.com\/wp-content\/uploads\/2019\/10\/06-vue-2-768x481.jpg 768w\" sizes=\"(max-width: 767px) 89vw, (max-width: 1000px) 54vw, (max-width: 1071px) 543px, 580px\" \/><figcaption>Vue depuis le rue<\/figcaption><\/figure><\/li><li class=\"blocks-gallery-item\"><figure><img decoding=\"async\" loading=\"lazy\" width=\"1024\" height=\"717\" src=\"http:\/\/guillaume-castel-archi.com\/wp-content\/uploads\/2019\/10\/07-vue-3D-1024x717.jpg\" alt=\"\" data-id=\"173\" data-link=\"http:\/\/guillaume-castel-archi.com\/?attachment_id=173\" class=\"wp-image-173\" srcset=\"https:\/\/guillaume-castel-archi.com\/wp-content\/uploads\/2019\/10\/07-vue-3D-1024x717.jpg 1024w, https:\/\/guillaume-castel-archi.com\/wp-content\/uploads\/2019\/10\/07-vue-3D-300x210.jpg 300w, https:\/\/guillaume-castel-archi.com\/wp-content\/uploads\/2019\/10\/07-vue-3D-768x537.jpg 768w\" sizes=\"(max-width: 767px) 89vw, (max-width: 1000px) 54vw, (max-width: 1071px) 543px, 580px\" \/><figcaption>Perspective d&rsquo;ensemble<\/figcaption><\/figure><\/li><\/ul>\n\n\n<p class=\"has-text-align-justify\">Agence d&rsquo;Architecture Daudr\u00e9-vignier &amp; Associ\u00e9s<\/p>\n<p><!-- \/wp:paragraph --><!-- wp:paragraph {\"align\":\"justify\"} --><\/p>\n<p><!-- \/wp:paragraph --><!-- wp:paragraph --><\/p>\n<p>Ma\u00eetrise d&rsquo;ouvrage : ADOMA, b\u00e2timent neuf<\/p>\n<p>Conception-r\u00e9alisation d&rsquo;une r\u00e9sidence \u00e9tudiante de 160 logements \u00e0 ossature bois \u00e0 Ingr\u00e8s.<\/p>\n<p><!-- \/wp:paragraph --><!-- wp:paragraph --><\/p>\n<p>Surface = 4 700 m\u00b2<\/p>\n<p><!-- \/wp:paragraph --><!-- wp:paragraph --><\/p>\n<p><!-- \/wp:paragraph --><!-- wp:paragraph --><\/p>\n<p><!-- \/wp:paragraph --><!-- wp:paragraph --><\/p>\n<p><strong>R\u00f4le sur le projet<\/strong><\/p>\n<p><!-- \/wp:paragraph --><!-- wp:paragraph --><\/p>\n<p>Architecte chef de projet<\/p>\n<p><!-- \/wp:paragraph --><!-- wp:paragraph --><\/p>\n<p>Mise au point des pi\u00e8ces graphiques,<\/p>\n<p><!-- \/wp:paragraph --><!-- wp:paragraph --><\/p>\n<p>Phases : Concours<\/p>\n<p><!-- \/wp:paragraph --><!-- wp:paragraph --><\/p>\n<p>Logiciel : Autocad, Sketchup, Photoshop<\/p>\n<p><!-- \/wp:paragraph --><!-- wp:paragraph --><\/p>\n<p>Cr\u00e9ation d&rsquo;\u00e9l\u00e9ments selon une liste de documents graphiques exig\u00e9s pour le concours ce projet. Mon travail a \u00e9t\u00e9 de la mise en page, et production des \u00e9l\u00e9ments des panneaux jusqu&rsquo;\u00e0 leur rendu.<\/p>\n<p><\/p>\n<p><!--EndFragment--><\/p>\n<p><!-- wp:gallery {\"ids\":[274,275,276,277]} --><\/p>\n<ul class=\"wp-block-gallery columns-3 is-cropped\">\n<li class=\"blocks-gallery-item\">\n<figure><img decoding=\"async\" loading=\"lazy\" width=\"1024\" height=\"717\" src=\"http:\/\/guillaume-castel-archi.com\/wp-content\/uploads\/2019\/10\/01-INGRE-RDC-1024x717.jpg\" alt=\"\" data-id=\"274\" data-link=\"http:\/\/guillaume-castel-archi.com\/?attachment_id=274\" class=\"wp-image-274\" srcset=\"https:\/\/guillaume-castel-archi.com\/wp-content\/uploads\/2019\/10\/01-INGRE-RDC-1024x717.jpg 1024w, https:\/\/guillaume-castel-archi.com\/wp-content\/uploads\/2019\/10\/01-INGRE-RDC-300x210.jpg 300w, https:\/\/guillaume-castel-archi.com\/wp-content\/uploads\/2019\/10\/01-INGRE-RDC-768x537.jpg 768w\" sizes=\"(max-width: 767px) 89vw, (max-width: 1000px) 54vw, (max-width: 1071px) 543px, 580px\" \/><\/figure>\n<\/li>\n<li class=\"blocks-gallery-item\">\n<figure><img decoding=\"async\" loading=\"lazy\" width=\"1024\" height=\"717\" src=\"http:\/\/guillaume-castel-archi.com\/wp-content\/uploads\/2019\/10\/02-INGRE-R1-1024x717.jpg\" alt=\"\" data-id=\"275\" data-link=\"http:\/\/guillaume-castel-archi.com\/?attachment_id=275\" class=\"wp-image-275\" srcset=\"https:\/\/guillaume-castel-archi.com\/wp-content\/uploads\/2019\/10\/02-INGRE-R1-1024x717.jpg 1024w, https:\/\/guillaume-castel-archi.com\/wp-content\/uploads\/2019\/10\/02-INGRE-R1-300x210.jpg 300w, https:\/\/guillaume-castel-archi.com\/wp-content\/uploads\/2019\/10\/02-INGRE-R1-768x537.jpg 768w\" sizes=\"(max-width: 767px) 89vw, (max-width: 1000px) 54vw, (max-width: 1071px) 543px, 580px\" \/><\/figure>\n<\/li>\n<li class=\"blocks-gallery-item\">\n<figure><img decoding=\"async\" loading=\"lazy\" width=\"1024\" height=\"717\" src=\"http:\/\/guillaume-castel-archi.com\/wp-content\/uploads\/2019\/10\/03-COUPE-1024x717.jpg\" alt=\"\" data-id=\"276\" data-link=\"http:\/\/guillaume-castel-archi.com\/?attachment_id=276\" class=\"wp-image-276\" srcset=\"https:\/\/guillaume-castel-archi.com\/wp-content\/uploads\/2019\/10\/03-COUPE-1024x717.jpg 1024w, https:\/\/guillaume-castel-archi.com\/wp-content\/uploads\/2019\/10\/03-COUPE-300x210.jpg 300w, https:\/\/guillaume-castel-archi.com\/wp-content\/uploads\/2019\/10\/03-COUPE-768x537.jpg 768w\" sizes=\"(max-width: 767px) 89vw, (max-width: 1000px) 54vw, (max-width: 1071px) 543px, 580px\" \/><\/figure>\n<\/li>\n<li class=\"blocks-gallery-item\">\n<figure><img decoding=\"async\" loading=\"lazy\" width=\"1024\" height=\"717\" src=\"http:\/\/guillaume-castel-archi.com\/wp-content\/uploads\/2019\/10\/04-facade-1024x717.jpg\" alt=\"\" data-id=\"277\" data-link=\"http:\/\/guillaume-castel-archi.com\/?attachment_id=277\" class=\"wp-image-277\" srcset=\"https:\/\/guillaume-castel-archi.com\/wp-content\/uploads\/2019\/10\/04-facade-1024x717.jpg 1024w, https:\/\/guillaume-castel-archi.com\/wp-content\/uploads\/2019\/10\/04-facade-300x210.jpg 300w, https:\/\/guillaume-castel-archi.com\/wp-content\/uploads\/2019\/10\/04-facade-768x537.jpg 768w\" sizes=\"(max-width: 767px) 89vw, (max-width: 1000px) 54vw, (max-width: 1071px) 543px, 580px\" \/><\/figure>\n<\/li>\n<\/ul>\n<p><!-- \/wp:gallery --><\/p>","protected":false},"excerpt":{"rendered":"<p>Agence d&rsquo;Architecture Daudr\u00e9-vignier &amp; Associ\u00e9s Ma\u00eetrise d&rsquo;ouvrage : ADOMA, b\u00e2timent neuf Conception-r\u00e9alisation d&rsquo;une r\u00e9sidence \u00e9tudiante de 160 logements \u00e0 ossature bois \u00e0 Ingr\u00e8s. Surface = 4 700 m\u00b2 R\u00f4le sur le projet Architecte chef de projet Mise au point des pi\u00e8ces graphiques, Phases : Concours Logiciel : Autocad, Sketchup, Photoshop Cr\u00e9ation d&rsquo;\u00e9l\u00e9ments selon une liste &hellip; <\/p>\n<p class=\"link-more\"><a href=\"https:\/\/guillaume-castel-archi.com\/?page_id=179\" class=\"more-link\">Continuer la lecture<span class=\"screen-reader-text\"> de &laquo;&nbsp;Daudre Ingres&nbsp;&raquo;<\/span><\/a><\/p>\n","protected":false},"author":1,"featured_media":171,"parent":159,"menu_order":0,"comment_status":"closed","ping_status":"closed","template":"","meta":[],"_links":{"self":[{"href":"https:\/\/guillaume-castel-archi.com\/index.php?rest_route=\/wp\/v2\/pages\/179"}],"collection":[{"href":"https:\/\/guillaume-castel-archi.com\/index.php?rest_route=\/wp\/v2\/pages"}],"about":[{"href":"https:\/\/guillaume-castel-archi.com\/index.php?rest_route=\/wp\/v2\/types\/page"}],"author":[{"embeddable":true,"href":"https:\/\/guillaume-castel-archi.com\/index.php?rest_route=\/wp\/v2\/users\/1"}],"replies":[{"embeddable":true,"href":"https:\/\/guillaume-castel-archi.com\/index.php?rest_route=%2Fwp%2Fv2%2Fcomments&post=179"}],"version-history":[{"count":4,"href":"https:\/\/guillaume-castel-archi.com\/index.php?rest_route=\/wp\/v2\/pages\/179\/revisions"}],"predecessor-version":[{"id":282,"href":"https:\/\/guillaume-castel-archi.com\/index.php?rest_route=\/wp\/v2\/pages\/179\/revisions\/282"}],"up":[{"embeddable":true,"href":"https:\/\/guillaume-castel-archi.com\/index.php?rest_route=\/wp\/v2\/pages\/159"}],"wp:featuredmedia":[{"embeddable":true,"href":"https:\/\/guillaume-castel-archi.com\/index.php?rest_route=\/wp\/v2\/media\/171"}],"wp:attachment":[{"href":"https:\/\/guillaume-castel-archi.com\/index.php?rest_route=%2Fwp%2Fv2%2Fmedia&parent=179"}],"curies":[{"name":"wp","href":"https:\/\/api.w.org\/{rel}","templated":true}]}}