{"id":181,"date":"2019-10-07T12:57:45","date_gmt":"2019-10-07T10:57:45","guid":{"rendered":"http:\/\/guillaume-castel-archi.com\/?page_id=181"},"modified":"2019-10-13T17:18:44","modified_gmt":"2019-10-13T15:18:44","slug":"bechu-tertiaire-sways","status":"publish","type":"page","link":"https:\/\/guillaume-castel-archi.com\/?page_id=181","title":{"rendered":"BECHU Tertiaire SWAYS"},"content":{"rendered":"\n<ul class=\"wp-block-gallery aligncenter columns-3 is-cropped wp-block-gallery-1 is-layout-flex\"><li class=\"blocks-gallery-item\"><figure><a href=\"http:\/\/guillaume-castel-archi.com\/wp-content\/uploads\/2019\/10\/SWAYS-pers-zoom-1024x576.jpg\"><img decoding=\"async\" loading=\"lazy\" width=\"1024\" height=\"576\" src=\"http:\/\/guillaume-castel-archi.com\/wp-content\/uploads\/2019\/10\/SWAYS-pers-zoom-1024x576.jpg\" alt=\"\" data-id=\"91\" data-link=\"http:\/\/guillaume-castel-archi.com\/?attachment_id=91\" class=\"wp-image-91\" srcset=\"https:\/\/guillaume-castel-archi.com\/wp-content\/uploads\/2019\/10\/SWAYS-pers-zoom-1024x576.jpg 1024w, https:\/\/guillaume-castel-archi.com\/wp-content\/uploads\/2019\/10\/SWAYS-pers-zoom-300x169.jpg 300w, https:\/\/guillaume-castel-archi.com\/wp-content\/uploads\/2019\/10\/SWAYS-pers-zoom-768x432.jpg 768w, https:\/\/guillaume-castel-archi.com\/wp-content\/uploads\/2019\/10\/SWAYS-pers-zoom.jpg 1501w\" sizes=\"(max-width: 767px) 89vw, (max-width: 1000px) 54vw, (max-width: 1071px) 543px, 580px\" \/><\/a><figcaption>Entr\u00e9e avec auvent<\/figcaption><\/figure><\/li><li class=\"blocks-gallery-item\"><figure><a href=\"http:\/\/guillaume-castel-archi.com\/wp-content\/uploads\/2019\/10\/SWAYS-pers-principale-night-1024x576.jpg\"><img decoding=\"async\" loading=\"lazy\" width=\"1024\" height=\"576\" src=\"http:\/\/guillaume-castel-archi.com\/wp-content\/uploads\/2019\/10\/SWAYS-pers-principale-night-1024x576.jpg\" alt=\"\" data-id=\"85\" data-link=\"http:\/\/guillaume-castel-archi.com\/?attachment_id=85\" class=\"wp-image-85\" srcset=\"https:\/\/guillaume-castel-archi.com\/wp-content\/uploads\/2019\/10\/SWAYS-pers-principale-night-1024x576.jpg 1024w, https:\/\/guillaume-castel-archi.com\/wp-content\/uploads\/2019\/10\/SWAYS-pers-principale-night-300x169.jpg 300w, https:\/\/guillaume-castel-archi.com\/wp-content\/uploads\/2019\/10\/SWAYS-pers-principale-night-768x432.jpg 768w, https:\/\/guillaume-castel-archi.com\/wp-content\/uploads\/2019\/10\/SWAYS-pers-principale-night.jpg 1502w\" sizes=\"(max-width: 767px) 89vw, (max-width: 1000px) 54vw, (max-width: 1071px) 543px, 580px\" \/><\/a><figcaption>Vue principale de nuit<\/figcaption><\/figure><\/li><li class=\"blocks-gallery-item\"><figure><a href=\"http:\/\/guillaume-castel-archi.com\/wp-content\/uploads\/2019\/10\/SWAYS-pers-rotonde-1024x684.jpg\"><img decoding=\"async\" loading=\"lazy\" width=\"1024\" height=\"684\" src=\"http:\/\/guillaume-castel-archi.com\/wp-content\/uploads\/2019\/10\/SWAYS-pers-rotonde-1024x684.jpg\" alt=\"\" data-id=\"88\" data-link=\"http:\/\/guillaume-castel-archi.com\/?attachment_id=88\" class=\"wp-image-88\" srcset=\"https:\/\/guillaume-castel-archi.com\/wp-content\/uploads\/2019\/10\/SWAYS-pers-rotonde-1024x684.jpg 1024w, https:\/\/guillaume-castel-archi.com\/wp-content\/uploads\/2019\/10\/SWAYS-pers-rotonde-300x200.jpg 300w, https:\/\/guillaume-castel-archi.com\/wp-content\/uploads\/2019\/10\/SWAYS-pers-rotonde-768x513.jpg 768w, https:\/\/guillaume-castel-archi.com\/wp-content\/uploads\/2019\/10\/SWAYS-pers-rotonde.jpg 1502w\" sizes=\"(max-width: 767px) 89vw, (max-width: 1000px) 54vw, (max-width: 1071px) 543px, 580px\" \/><\/a><figcaption>Vue depuis le RER<\/figcaption><\/figure><\/li><li class=\"blocks-gallery-item\"><figure><a href=\"http:\/\/guillaume-castel-archi.com\/wp-content\/uploads\/2019\/10\/SWAYS-pers-Entr\u00e9e-fitness-1024x564.jpg\"><img decoding=\"async\" loading=\"lazy\" width=\"1024\" height=\"564\" src=\"http:\/\/guillaume-castel-archi.com\/wp-content\/uploads\/2019\/10\/SWAYS-pers-Entr\u00e9e-fitness-1024x564.jpg\" alt=\"\" data-id=\"76\" data-link=\"http:\/\/guillaume-castel-archi.com\/?attachment_id=76\" class=\"wp-image-76\" srcset=\"https:\/\/guillaume-castel-archi.com\/wp-content\/uploads\/2019\/10\/SWAYS-pers-Entr\u00e9e-fitness-1024x564.jpg 1024w, https:\/\/guillaume-castel-archi.com\/wp-content\/uploads\/2019\/10\/SWAYS-pers-Entr\u00e9e-fitness-300x165.jpg 300w, https:\/\/guillaume-castel-archi.com\/wp-content\/uploads\/2019\/10\/SWAYS-pers-Entr\u00e9e-fitness-768x423.jpg 768w, https:\/\/guillaume-castel-archi.com\/wp-content\/uploads\/2019\/10\/SWAYS-pers-Entr\u00e9e-fitness.jpg 1502w\" sizes=\"(max-width: 767px) 89vw, (max-width: 1000px) 54vw, (max-width: 1071px) 543px, 580px\" \/><\/a><figcaption>Vue de l&rsquo;entr\u00e9e du Wellness<\/figcaption><\/figure><\/li><li class=\"blocks-gallery-item\"><figure><a href=\"http:\/\/guillaume-castel-archi.com\/wp-content\/uploads\/2019\/10\/SWAYS-pers-Desmoulin-1024x577.jpg\"><img decoding=\"async\" loading=\"lazy\" width=\"1024\" height=\"577\" src=\"http:\/\/guillaume-castel-archi.com\/wp-content\/uploads\/2019\/10\/SWAYS-pers-Desmoulin-1024x577.jpg\" alt=\"\" data-id=\"75\" data-link=\"http:\/\/guillaume-castel-archi.com\/?attachment_id=75\" class=\"wp-image-75\" srcset=\"https:\/\/guillaume-castel-archi.com\/wp-content\/uploads\/2019\/10\/SWAYS-pers-Desmoulin-1024x577.jpg 1024w, https:\/\/guillaume-castel-archi.com\/wp-content\/uploads\/2019\/10\/SWAYS-pers-Desmoulin-300x169.jpg 300w, https:\/\/guillaume-castel-archi.com\/wp-content\/uploads\/2019\/10\/SWAYS-pers-Desmoulin-768x433.jpg 768w, https:\/\/guillaume-castel-archi.com\/wp-content\/uploads\/2019\/10\/SWAYS-pers-Desmoulin.jpg 1499w\" sizes=\"(max-width: 767px) 89vw, (max-width: 1000px) 54vw, (max-width: 1071px) 543px, 580px\" \/><\/a><figcaption>Vue de la rue Camille Desmoulins<\/figcaption><\/figure><\/li><li class=\"blocks-gallery-item\"><figure><a href=\"http:\/\/guillaume-castel-archi.com\/wp-content\/uploads\/2019\/10\/SWAYS-pers-rotonde-night-1024x528.jpg\"><img decoding=\"async\" loading=\"lazy\" width=\"1024\" height=\"528\" src=\"http:\/\/guillaume-castel-archi.com\/wp-content\/uploads\/2019\/10\/SWAYS-pers-rotonde-night-1024x528.jpg\" alt=\"\" data-id=\"87\" data-link=\"http:\/\/guillaume-castel-archi.com\/?attachment_id=87\" class=\"wp-image-87\" srcset=\"https:\/\/guillaume-castel-archi.com\/wp-content\/uploads\/2019\/10\/SWAYS-pers-rotonde-night-1024x528.jpg 1024w, https:\/\/guillaume-castel-archi.com\/wp-content\/uploads\/2019\/10\/SWAYS-pers-rotonde-night-300x155.jpg 300w, https:\/\/guillaume-castel-archi.com\/wp-content\/uploads\/2019\/10\/SWAYS-pers-rotonde-night-768x396.jpg 768w, https:\/\/guillaume-castel-archi.com\/wp-content\/uploads\/2019\/10\/SWAYS-pers-rotonde-night.jpg 1502w\" sizes=\"(max-width: 767px) 89vw, (max-width: 1000px) 54vw, (max-width: 1071px) 543px, 580px\" \/><\/a><figcaption>Vue depuis le RER de nuit<\/figcaption><\/figure><\/li><\/ul>\n\n\n<p><!--StartFragment--><\/p>\n\n\n<p style=\"text-align:justify\"><p class=\"has-text-align-justify\">Agence d&rsquo;Architecture A. Bechu &amp;  Associ\u00e9s <\/p><\/p>\n\n\n\n<p style=\"text-align:justify\"><p class=\"has-text-align-justify\">Chef de projet :  Marcel Ruzicka <\/p><\/p>\n\n\n\n<p>Ma\u00eetrise d&rsquo;ouvrage : Bouygues Immobilier                      <\/p>\n\n\n\n<p>Issy-Les-Moulineaux, rue Camille Desmoulins, ancien b\u00e2timent \u00ab\u00a0Mill\u00e9nium\u00a0\u00bb<br>R\u00e9habilitation lourde d&rsquo;un Bureaux et commerces                      Surface = 42 000&nbsp;m\u00b2                      <\/p>\n\n\n\n<p>En cours : livraison Juillet 2020                   <\/p>\n\n\n\n<p>Bureaux associ\u00e9s : Egis (coordination), Volume ABC (architecte d&rsquo;int\u00e9rieur), BET Structure Gecibat, BET fluides Ingerop, BET fa\u00e7ades DVVD&#8230; <\/p>\n\n\n\n<p><strong>R\u00f4le sur le projet<\/strong><\/p>\n\n\n\n<p>Architecte membre de l&rsquo;\u00e9quipe du projet, <\/p>\n\n\n\n<p>Responsable diffusion ext\u00e9rieur de la maquette BIM, charg\u00e9 de la bonne coh\u00e9rance avec la structure et interface facade-toiture, cr\u00e9ation des carnets de d\u00e9tail<\/p>\n\n\n\n<p>Phases : APS, PCM, APD, PRO, DCE, EXE <\/p>\n\n\n\n<p>Logiciel : Revit, Autocad<\/p>\n\n\n\n<p>Mon arriv\u00e9 sur ce projet correspond au changement de programme, ainsi qu&rsquo;un nouvel APS modifiait le projet par rapport aux circulations verticales, cr\u00e9ation d&rsquo;un LIVING SQUARE, am\u00e9nagement de 5 commerces sur rue, composition d&rsquo;un restaurant d&rsquo;entreprise, et espaces co-working.<\/p>\n\n\n\n<p>Par la suite, nous m\u00e8nerons avec l&rsquo;\u00e9quipe les \u00e9tudes jusqu&rsquo;au DCE. <\/p>\n\n\n\n<hr class=\"wp-block-separator\"\/>\n\n\n\n<ul class=\"wp-block-gallery columns-2 wp-block-gallery-3 is-layout-flex\"><li class=\"blocks-gallery-item\"><figure><a href=\"http:\/\/guillaume-castel-archi.com\/wp-content\/uploads\/2019\/10\/SWAYS-MP-simple-1024x866.jpg\"><img decoding=\"async\" loading=\"lazy\" width=\"1024\" height=\"866\" src=\"http:\/\/guillaume-castel-archi.com\/wp-content\/uploads\/2019\/10\/SWAYS-MP-simple-1024x866.jpg\" alt=\"\" data-id=\"71\" data-link=\"http:\/\/guillaume-castel-archi.com\/?attachment_id=71\" class=\"wp-image-71\" srcset=\"https:\/\/guillaume-castel-archi.com\/wp-content\/uploads\/2019\/10\/SWAYS-MP-simple-1024x866.jpg 1024w, https:\/\/guillaume-castel-archi.com\/wp-content\/uploads\/2019\/10\/SWAYS-MP-simple-300x254.jpg 300w, https:\/\/guillaume-castel-archi.com\/wp-content\/uploads\/2019\/10\/SWAYS-MP-simple-768x649.jpg 768w, https:\/\/guillaume-castel-archi.com\/wp-content\/uploads\/2019\/10\/SWAYS-MP-simple.jpg 1333w\" sizes=\"(max-width: 767px) 89vw, (max-width: 1000px) 54vw, (max-width: 1071px) 543px, 580px\" \/><\/a><\/figure><\/li><li class=\"blocks-gallery-item\"><figure><a href=\"http:\/\/guillaume-castel-archi.com\/wp-content\/uploads\/2019\/10\/SWAYS-3D-1024x543.jpg\"><img decoding=\"async\" loading=\"lazy\" width=\"1024\" height=\"543\" src=\"http:\/\/guillaume-castel-archi.com\/wp-content\/uploads\/2019\/10\/SWAYS-3D-1024x543.jpg\" alt=\"\" data-id=\"68\" data-link=\"http:\/\/guillaume-castel-archi.com\/?attachment_id=68\" class=\"wp-image-68\" srcset=\"https:\/\/guillaume-castel-archi.com\/wp-content\/uploads\/2019\/10\/SWAYS-3D-1024x543.jpg 1024w, https:\/\/guillaume-castel-archi.com\/wp-content\/uploads\/2019\/10\/SWAYS-3D-300x159.jpg 300w, https:\/\/guillaume-castel-archi.com\/wp-content\/uploads\/2019\/10\/SWAYS-3D-768x408.jpg 768w, https:\/\/guillaume-castel-archi.com\/wp-content\/uploads\/2019\/10\/SWAYS-3D.jpg 1502w\" sizes=\"(max-width: 767px) 89vw, (max-width: 1000px) 54vw, (max-width: 1071px) 543px, 580px\" \/><\/a><\/figure><\/li><li class=\"blocks-gallery-item\"><figure><a href=\"http:\/\/guillaume-castel-archi.com\/wp-content\/uploads\/2019\/10\/SWAYS-R1-1024x724.jpg\"><img decoding=\"async\" loading=\"lazy\" width=\"1024\" height=\"724\" src=\"http:\/\/guillaume-castel-archi.com\/wp-content\/uploads\/2019\/10\/SWAYS-R1-1024x724.jpg\" alt=\"\" data-id=\"92\" data-link=\"http:\/\/guillaume-castel-archi.com\/?attachment_id=92\" class=\"wp-image-92\" srcset=\"https:\/\/guillaume-castel-archi.com\/wp-content\/uploads\/2019\/10\/SWAYS-R1-1024x724.jpg 1024w, https:\/\/guillaume-castel-archi.com\/wp-content\/uploads\/2019\/10\/SWAYS-R1-300x212.jpg 300w, https:\/\/guillaume-castel-archi.com\/wp-content\/uploads\/2019\/10\/SWAYS-R1-768x543.jpg 768w, https:\/\/guillaume-castel-archi.com\/wp-content\/uploads\/2019\/10\/SWAYS-R1.jpg 1594w\" sizes=\"(max-width: 767px) 89vw, (max-width: 1000px) 54vw, (max-width: 1071px) 543px, 580px\" \/><\/a><\/figure><\/li><li class=\"blocks-gallery-item\"><figure><a href=\"http:\/\/guillaume-castel-archi.com\/wp-content\/uploads\/2019\/10\/SWAYS-RDC-1024x723.jpg\"><img decoding=\"async\" loading=\"lazy\" width=\"1024\" height=\"723\" src=\"http:\/\/guillaume-castel-archi.com\/wp-content\/uploads\/2019\/10\/SWAYS-RDC-1024x723.jpg\" alt=\"\" data-id=\"93\" data-link=\"http:\/\/guillaume-castel-archi.com\/?attachment_id=93\" class=\"wp-image-93\" srcset=\"https:\/\/guillaume-castel-archi.com\/wp-content\/uploads\/2019\/10\/SWAYS-RDC-1024x723.jpg 1024w, https:\/\/guillaume-castel-archi.com\/wp-content\/uploads\/2019\/10\/SWAYS-RDC-300x212.jpg 300w, https:\/\/guillaume-castel-archi.com\/wp-content\/uploads\/2019\/10\/SWAYS-RDC-768x543.jpg 768w, https:\/\/guillaume-castel-archi.com\/wp-content\/uploads\/2019\/10\/SWAYS-RDC.jpg 1502w\" sizes=\"(max-width: 767px) 89vw, (max-width: 1000px) 54vw, (max-width: 1071px) 543px, 580px\" \/><\/a><\/figure><\/li><li class=\"blocks-gallery-item\"><figure><a href=\"http:\/\/guillaume-castel-archi.com\/wp-content\/uploads\/2019\/10\/SWAYS-schema.jpg\"><img decoding=\"async\" loading=\"lazy\" width=\"975\" height=\"750\" src=\"http:\/\/guillaume-castel-archi.com\/wp-content\/uploads\/2019\/10\/SWAYS-schema.jpg\" alt=\"\" data-id=\"94\" data-link=\"http:\/\/guillaume-castel-archi.com\/?attachment_id=94\" class=\"wp-image-94\" srcset=\"https:\/\/guillaume-castel-archi.com\/wp-content\/uploads\/2019\/10\/SWAYS-schema.jpg 975w, https:\/\/guillaume-castel-archi.com\/wp-content\/uploads\/2019\/10\/SWAYS-schema-300x231.jpg 300w, https:\/\/guillaume-castel-archi.com\/wp-content\/uploads\/2019\/10\/SWAYS-schema-768x591.jpg 768w\" sizes=\"(max-width: 767px) 89vw, (max-width: 1000px) 54vw, (max-width: 1071px) 543px, 580px\" \/><\/a><\/figure><\/li><li class=\"blocks-gallery-item\"><figure><a href=\"http:\/\/guillaume-castel-archi.com\/wp-content\/uploads\/2019\/10\/SWAYS-facade-desmoulin-1024x483.jpg\"><img decoding=\"async\" loading=\"lazy\" width=\"1024\" height=\"483\" src=\"http:\/\/guillaume-castel-archi.com\/wp-content\/uploads\/2019\/10\/SWAYS-facade-desmoulin-1024x483.jpg\" alt=\"\" data-id=\"69\" data-link=\"http:\/\/guillaume-castel-archi.com\/?attachment_id=69\" class=\"wp-image-69\" srcset=\"https:\/\/guillaume-castel-archi.com\/wp-content\/uploads\/2019\/10\/SWAYS-facade-desmoulin-1024x483.jpg 1024w, https:\/\/guillaume-castel-archi.com\/wp-content\/uploads\/2019\/10\/SWAYS-facade-desmoulin-300x142.jpg 300w, https:\/\/guillaume-castel-archi.com\/wp-content\/uploads\/2019\/10\/SWAYS-facade-desmoulin-768x363.jpg 768w, https:\/\/guillaume-castel-archi.com\/wp-content\/uploads\/2019\/10\/SWAYS-facade-desmoulin.jpg 1502w\" sizes=\"(max-width: 767px) 89vw, (max-width: 1000px) 54vw, (max-width: 1071px) 543px, 580px\" \/><\/a><\/figure><\/li><li class=\"blocks-gallery-item\"><figure><a href=\"http:\/\/guillaume-castel-archi.com\/wp-content\/uploads\/2019\/10\/SWAYS-facade-Nation-1024x485.jpg\"><img decoding=\"async\" loading=\"lazy\" width=\"1024\" height=\"485\" src=\"http:\/\/guillaume-castel-archi.com\/wp-content\/uploads\/2019\/10\/SWAYS-facade-Nation-1024x485.jpg\" alt=\"\" data-id=\"70\" data-link=\"http:\/\/guillaume-castel-archi.com\/?attachment_id=70\" class=\"wp-image-70\" srcset=\"https:\/\/guillaume-castel-archi.com\/wp-content\/uploads\/2019\/10\/SWAYS-facade-Nation-1024x485.jpg 1024w, https:\/\/guillaume-castel-archi.com\/wp-content\/uploads\/2019\/10\/SWAYS-facade-Nation-300x142.jpg 300w, https:\/\/guillaume-castel-archi.com\/wp-content\/uploads\/2019\/10\/SWAYS-facade-Nation-768x364.jpg 768w, https:\/\/guillaume-castel-archi.com\/wp-content\/uploads\/2019\/10\/SWAYS-facade-Nation.jpg 1502w\" sizes=\"(max-width: 767px) 89vw, (max-width: 1000px) 54vw, (max-width: 1071px) 543px, 580px\" \/><\/a><\/figure><\/li><li class=\"blocks-gallery-item\"><figure><a href=\"http:\/\/guillaume-castel-archi.com\/wp-content\/uploads\/2019\/10\/\u00e9tage-type.jpg\"><img decoding=\"async\" loading=\"lazy\" width=\"738\" height=\"774\" src=\"http:\/\/guillaume-castel-archi.com\/wp-content\/uploads\/2019\/10\/\u00e9tage-type.jpg\" alt=\"\" data-id=\"67\" data-link=\"http:\/\/guillaume-castel-archi.com\/?attachment_id=67\" class=\"wp-image-67\" srcset=\"https:\/\/guillaume-castel-archi.com\/wp-content\/uploads\/2019\/10\/\u00e9tage-type.jpg 738w, https:\/\/guillaume-castel-archi.com\/wp-content\/uploads\/2019\/10\/\u00e9tage-type-286x300.jpg 286w\" sizes=\"(max-width: 738px) 100vw, 738px\" \/><\/a><\/figure><\/li><\/ul>\n\n\n\n<div class=\"wp-block-columns has-3-columns is-layout-flex wp-container-8\">\n<div class=\"wp-block-column is-layout-flow\">\n<figure class=\"wp-block-image\"><a href=\"http:\/\/guillaume-castel-archi.com\/?page_id=114\"><img decoding=\"async\" loading=\"lazy\" width=\"1024\" height=\"683\" src=\"http:\/\/guillaume-castel-archi.com\/wp-content\/uploads\/2019\/10\/SWAYS-pers-terrasseR8-1024x683.jpg\" alt=\"\" class=\"wp-image-90\" srcset=\"https:\/\/guillaume-castel-archi.com\/wp-content\/uploads\/2019\/10\/SWAYS-pers-terrasseR8-1024x683.jpg 1024w, https:\/\/guillaume-castel-archi.com\/wp-content\/uploads\/2019\/10\/SWAYS-pers-terrasseR8-300x200.jpg 300w, https:\/\/guillaume-castel-archi.com\/wp-content\/uploads\/2019\/10\/SWAYS-pers-terrasseR8-768x512.jpg 768w, https:\/\/guillaume-castel-archi.com\/wp-content\/uploads\/2019\/10\/SWAYS-pers-terrasseR8.jpg 1502w\" sizes=\"(max-width: 767px) 89vw, (max-width: 1000px) 54vw, (max-width: 1071px) 543px, 580px\" \/><\/a><figcaption> VOIR LA VIDEO DE PRESENTATION <\/figcaption><\/figure>\n<\/div>\n\n\n\n<div class=\"wp-block-column is-layout-flow\">\n<figure class=\"wp-block-image\"><a href=\"http:\/\/guillaume-castel-archi.com\/?page_id=114\"><img decoding=\"async\" loading=\"lazy\" width=\"1024\" height=\"577\" src=\"http:\/\/guillaume-castel-archi.com\/wp-content\/uploads\/2019\/10\/SWAYS-pers-foodcourt-1024x577.jpg\" alt=\"\" class=\"wp-image-78\" srcset=\"https:\/\/guillaume-castel-archi.com\/wp-content\/uploads\/2019\/10\/SWAYS-pers-foodcourt-1024x577.jpg 1024w, https:\/\/guillaume-castel-archi.com\/wp-content\/uploads\/2019\/10\/SWAYS-pers-foodcourt-300x169.jpg 300w, https:\/\/guillaume-castel-archi.com\/wp-content\/uploads\/2019\/10\/SWAYS-pers-foodcourt-768x433.jpg 768w, https:\/\/guillaume-castel-archi.com\/wp-content\/uploads\/2019\/10\/SWAYS-pers-foodcourt.jpg 1502w\" sizes=\"(max-width: 767px) 89vw, (max-width: 1000px) 54vw, (max-width: 1071px) 543px, 580px\" \/><\/a><figcaption> VOIR LE PROJET AMENAGEMENT INTERIEUR <\/figcaption><\/figure>\n\n\n\n<p><\/p>\n<\/div>\n\n\n\n<div class=\"wp-block-column is-layout-flow\">\n<figure class=\"wp-block-image\"><a href=\"http:\/\/guillaume-castel-archi.com\/?page_id=241\"><img decoding=\"async\" loading=\"lazy\" width=\"1024\" height=\"543\" src=\"http:\/\/guillaume-castel-archi.com\/wp-content\/uploads\/2019\/10\/SWAYS-3D-1024x543.jpg\" alt=\"\" class=\"wp-image-68\" srcset=\"https:\/\/guillaume-castel-archi.com\/wp-content\/uploads\/2019\/10\/SWAYS-3D-1024x543.jpg 1024w, https:\/\/guillaume-castel-archi.com\/wp-content\/uploads\/2019\/10\/SWAYS-3D-300x159.jpg 300w, https:\/\/guillaume-castel-archi.com\/wp-content\/uploads\/2019\/10\/SWAYS-3D-768x408.jpg 768w, https:\/\/guillaume-castel-archi.com\/wp-content\/uploads\/2019\/10\/SWAYS-3D.jpg 1502w\" sizes=\"(max-width: 767px) 89vw, (max-width: 1000px) 54vw, (max-width: 1071px) 543px, 580px\" \/><\/a><figcaption>VOIR L&rsquo;APPLICATION<\/figcaption><\/figure>\n<\/div>\n<\/div>\n","protected":false},"excerpt":{"rendered":"<p>Agence d&rsquo;Architecture A. Bechu &amp; Associ\u00e9s Chef de projet : Marcel Ruzicka Ma\u00eetrise d&rsquo;ouvrage : Bouygues Immobilier Issy-Les-Moulineaux, rue Camille Desmoulins, ancien b\u00e2timent \u00ab\u00a0Mill\u00e9nium\u00a0\u00bbR\u00e9habilitation lourde d&rsquo;un Bureaux et commerces Surface = 42 000&nbsp;m\u00b2 En cours : livraison Juillet 2020 Bureaux associ\u00e9s : Egis (coordination), Volume ABC (architecte d&rsquo;int\u00e9rieur), BET Structure Gecibat, BET fluides Ingerop, BET &hellip; <\/p>\n<p class=\"link-more\"><a href=\"https:\/\/guillaume-castel-archi.com\/?page_id=181\" class=\"more-link\">Continuer la lecture<span class=\"screen-reader-text\"> de &laquo;&nbsp;BECHU Tertiaire SWAYS&nbsp;&raquo;<\/span><\/a><\/p>\n","protected":false},"author":1,"featured_media":86,"parent":157,"menu_order":0,"comment_status":"closed","ping_status":"closed","template":"","meta":[],"_links":{"self":[{"href":"https:\/\/guillaume-castel-archi.com\/index.php?rest_route=\/wp\/v2\/pages\/181"}],"collection":[{"href":"https:\/\/guillaume-castel-archi.com\/index.php?rest_route=\/wp\/v2\/pages"}],"about":[{"href":"https:\/\/guillaume-castel-archi.com\/index.php?rest_route=\/wp\/v2\/types\/page"}],"author":[{"embeddable":true,"href":"https:\/\/guillaume-castel-archi.com\/index.php?rest_route=\/wp\/v2\/users\/1"}],"replies":[{"embeddable":true,"href":"https:\/\/guillaume-castel-archi.com\/index.php?rest_route=%2Fwp%2Fv2%2Fcomments&post=181"}],"version-history":[{"count":11,"href":"https:\/\/guillaume-castel-archi.com\/index.php?rest_route=\/wp\/v2\/pages\/181\/revisions"}],"predecessor-version":[{"id":732,"href":"https:\/\/guillaume-castel-archi.com\/index.php?rest_route=\/wp\/v2\/pages\/181\/revisions\/732"}],"up":[{"embeddable":true,"href":"https:\/\/guillaume-castel-archi.com\/index.php?rest_route=\/wp\/v2\/pages\/157"}],"wp:featuredmedia":[{"embeddable":true,"href":"https:\/\/guillaume-castel-archi.com\/index.php?rest_route=\/wp\/v2\/media\/86"}],"wp:attachment":[{"href":"https:\/\/guillaume-castel-archi.com\/index.php?rest_route=%2Fwp%2Fv2%2Fmedia&parent=181"}],"curies":[{"name":"wp","href":"https:\/\/api.w.org\/{rel}","templated":true}]}}