{"id":199,"date":"2019-10-07T14:19:48","date_gmt":"2019-10-07T12:19:48","guid":{"rendered":"http:\/\/guillaume-castel-archi.com\/?page_id=199"},"modified":"2019-10-19T16:04:06","modified_gmt":"2019-10-19T14:04:06","slug":"projets-2","status":"publish","type":"page","link":"https:\/\/guillaume-castel-archi.com\/?page_id=199","title":{"rendered":"Projets"},"content":{"rendered":"\n<figure class=\"wp-block-image\"><a href=\"http:\/\/guillaume-castel-archi.com\/?page_id=181\"><img decoding=\"async\" loading=\"lazy\" width=\"1024\" height=\"615\" src=\"http:\/\/guillaume-castel-archi.com\/wp-content\/uploads\/2019\/10\/SWAYS-pers-principale-1024x615.jpg\" alt=\"\" class=\"wp-image-86\" srcset=\"https:\/\/guillaume-castel-archi.com\/wp-content\/uploads\/2019\/10\/SWAYS-pers-principale-1024x615.jpg 1024w, https:\/\/guillaume-castel-archi.com\/wp-content\/uploads\/2019\/10\/SWAYS-pers-principale-300x180.jpg 300w, https:\/\/guillaume-castel-archi.com\/wp-content\/uploads\/2019\/10\/SWAYS-pers-principale-768x461.jpg 768w, https:\/\/guillaume-castel-archi.com\/wp-content\/uploads\/2019\/10\/SWAYS-pers-principale.jpg 1502w\" sizes=\"(max-width: 767px) 89vw, (max-width: 1000px) 54vw, (max-width: 1071px) 543px, 580px\" \/><\/a><figcaption>Ensemble de bureaux SWAYS \u00e0 Issy-les-moulineaux par l&rsquo;agence AAAB<\/figcaption><\/figure>\n\n\n\n<figure class=\"wp-block-image\"><a href=\"http:\/\/guillaume-castel-archi.com\/?page_id=288\"><img decoding=\"async\" loading=\"lazy\" width=\"1024\" height=\"683\" src=\"http:\/\/guillaume-castel-archi.com\/wp-content\/uploads\/2019\/10\/C-7-1024x683.jpg\" alt=\"\" class=\"wp-image-303\" srcset=\"https:\/\/guillaume-castel-archi.com\/wp-content\/uploads\/2019\/10\/C-7-1024x683.jpg 1024w, https:\/\/guillaume-castel-archi.com\/wp-content\/uploads\/2019\/10\/C-7-300x200.jpg 300w, https:\/\/guillaume-castel-archi.com\/wp-content\/uploads\/2019\/10\/C-7-768x512.jpg 768w, https:\/\/guillaume-castel-archi.com\/wp-content\/uploads\/2019\/10\/C-7.jpg 2048w\" sizes=\"(max-width: 767px) 89vw, (max-width: 1000px) 54vw, (max-width: 1071px) 543px, 580px\" \/><\/a><figcaption>Palais des festivals de Cannes par l&rsquo;agence Archidev<\/figcaption><\/figure>\n\n\n\n<figure class=\"wp-block-image\"><a href=\"http:\/\/guillaume-castel-archi.com\/?page_id=175\"><img decoding=\"async\" loading=\"lazy\" width=\"1024\" height=\"615\" src=\"http:\/\/guillaume-castel-archi.com\/wp-content\/uploads\/2019\/10\/vue-1-principale-1024x615.jpg\" alt=\"\" class=\"wp-image-96\" srcset=\"https:\/\/guillaume-castel-archi.com\/wp-content\/uploads\/2019\/10\/vue-1-principale-1024x615.jpg 1024w, https:\/\/guillaume-castel-archi.com\/wp-content\/uploads\/2019\/10\/vue-1-principale-300x180.jpg 300w, https:\/\/guillaume-castel-archi.com\/wp-content\/uploads\/2019\/10\/vue-1-principale-768x461.jpg 768w, https:\/\/guillaume-castel-archi.com\/wp-content\/uploads\/2019\/10\/vue-1-principale-2000x1200.jpg 2000w\" sizes=\"(max-width: 767px) 89vw, (max-width: 1000px) 54vw, (max-width: 1071px) 543px, 580px\" \/><\/a><figcaption>M\u00e9diatheque-Ecole primaire-Restaurant scolaire \u00e0 Epone par l&rsquo;agence Daudr\u00e9-Vignier<\/figcaption><\/figure>\n\n\n\n<figure class=\"wp-block-image\"><a href=\"http:\/\/guillaume-castel-archi.com\/?page_id=446\"><img decoding=\"async\" loading=\"lazy\" width=\"1024\" height=\"683\" src=\"http:\/\/guillaume-castel-archi.com\/wp-content\/uploads\/2019\/10\/F2a-1024x683.jpg\" alt=\"\" class=\"wp-image-451\" srcset=\"https:\/\/guillaume-castel-archi.com\/wp-content\/uploads\/2019\/10\/F2a-1024x683.jpg 1024w, https:\/\/guillaume-castel-archi.com\/wp-content\/uploads\/2019\/10\/F2a-300x200.jpg 300w, https:\/\/guillaume-castel-archi.com\/wp-content\/uploads\/2019\/10\/F2a-768x512.jpg 768w, https:\/\/guillaume-castel-archi.com\/wp-content\/uploads\/2019\/10\/F2a.jpg 1476w\" sizes=\"(max-width: 767px) 89vw, (max-width: 1000px) 54vw, (max-width: 1071px) 543px, 580px\" \/><\/a><figcaption>Ensemble de bureaux Avenue Friedland Paris 9eme par l&rsquo;agence Braun &amp; associ\u00e9s<\/figcaption><\/figure>\n","protected":false},"excerpt":{"rendered":"","protected":false},"author":1,"featured_media":0,"parent":0,"menu_order":0,"comment_status":"closed","ping_status":"closed","template":"","meta":[],"_links":{"self":[{"href":"https:\/\/guillaume-castel-archi.com\/index.php?rest_route=\/wp\/v2\/pages\/199"}],"collection":[{"href":"https:\/\/guillaume-castel-archi.com\/index.php?rest_route=\/wp\/v2\/pages"}],"about":[{"href":"https:\/\/guillaume-castel-archi.com\/index.php?rest_route=\/wp\/v2\/types\/page"}],"author":[{"embeddable":true,"href":"https:\/\/guillaume-castel-archi.com\/index.php?rest_route=\/wp\/v2\/users\/1"}],"replies":[{"embeddable":true,"href":"https:\/\/guillaume-castel-archi.com\/index.php?rest_route=%2Fwp%2Fv2%2Fcomments&post=199"}],"version-history":[{"count":7,"href":"https:\/\/guillaume-castel-archi.com\/index.php?rest_route=\/wp\/v2\/pages\/199\/revisions"}],"predecessor-version":[{"id":849,"href":"https:\/\/guillaume-castel-archi.com\/index.php?rest_route=\/wp\/v2\/pages\/199\/revisions\/849"}],"wp:attachment":[{"href":"https:\/\/guillaume-castel-archi.com\/index.php?rest_route=%2Fwp%2Fv2%2Fmedia&parent=199"}],"curies":[{"name":"wp","href":"https:\/\/api.w.org\/{rel}","templated":true}]}}