{"id":288,"date":"2019-10-08T12:21:32","date_gmt":"2019-10-08T10:21:32","guid":{"rendered":"http:\/\/guillaume-castel-archi.com\/?page_id=288"},"modified":"2020-04-27T17:28:45","modified_gmt":"2020-04-27T15:28:45","slug":"archidev-palais-des-festivals-de-cannes","status":"publish","type":"page","link":"https:\/\/guillaume-castel-archi.com\/?page_id=288","title":{"rendered":"Archidev Palais des festivals de Cannes"},"content":{"rendered":"\n<figure class=\"wp-block-gallery columns-2 is-cropped wp-block-gallery-1 is-layout-flex\"><ul class=\"blocks-gallery-grid\"><li class=\"blocks-gallery-item\"><figure><img decoding=\"async\" loading=\"lazy\" width=\"864\" height=\"576\" src=\"http:\/\/guillaume-castel-archi.com\/wp-content\/uploads\/2019\/10\/C-6.jpg\" alt=\"\" data-id=\"302\" data-link=\"http:\/\/guillaume-castel-archi.com\/?attachment_id=302\" class=\"wp-image-302\" srcset=\"https:\/\/guillaume-castel-archi.com\/wp-content\/uploads\/2019\/10\/C-6.jpg 864w, https:\/\/guillaume-castel-archi.com\/wp-content\/uploads\/2019\/10\/C-6-300x200.jpg 300w, https:\/\/guillaume-castel-archi.com\/wp-content\/uploads\/2019\/10\/C-6-768x512.jpg 768w\" sizes=\"(max-width: 767px) 89vw, (max-width: 1000px) 54vw, (max-width: 1071px) 543px, 580px\" \/><figcaption class=\"blocks-gallery-item__caption\">Foyer principal<\/figcaption><\/figure><\/li><li class=\"blocks-gallery-item\"><figure><img decoding=\"async\" loading=\"lazy\" width=\"1024\" height=\"682\" src=\"http:\/\/guillaume-castel-archi.com\/wp-content\/uploads\/2019\/10\/C-10-1024x682.jpg\" alt=\"\" data-id=\"306\" data-link=\"http:\/\/guillaume-castel-archi.com\/?attachment_id=306\" class=\"wp-image-306\" srcset=\"https:\/\/guillaume-castel-archi.com\/wp-content\/uploads\/2019\/10\/C-10-1024x682.jpg 1024w, https:\/\/guillaume-castel-archi.com\/wp-content\/uploads\/2019\/10\/C-10-300x200.jpg 300w, https:\/\/guillaume-castel-archi.com\/wp-content\/uploads\/2019\/10\/C-10-768x512.jpg 768w, https:\/\/guillaume-castel-archi.com\/wp-content\/uploads\/2019\/10\/C-10.jpg 1594w\" sizes=\"(max-width: 767px) 89vw, (max-width: 1000px) 54vw, (max-width: 1071px) 543px, 580px\" \/><figcaption class=\"blocks-gallery-item__caption\">Verri\u00e8re extension<\/figcaption><\/figure><\/li><li class=\"blocks-gallery-item\"><figure><img decoding=\"async\" loading=\"lazy\" width=\"640\" height=\"960\" src=\"http:\/\/guillaume-castel-archi.com\/wp-content\/uploads\/2019\/10\/C-8.jpg\" alt=\"\" data-id=\"304\" data-link=\"http:\/\/guillaume-castel-archi.com\/?attachment_id=304\" class=\"wp-image-304\" srcset=\"https:\/\/guillaume-castel-archi.com\/wp-content\/uploads\/2019\/10\/C-8.jpg 640w, https:\/\/guillaume-castel-archi.com\/wp-content\/uploads\/2019\/10\/C-8-200x300.jpg 200w\" sizes=\"(max-width: 640px) 100vw, 640px\" \/><figcaption class=\"blocks-gallery-item__caption\">Escalier monumental<\/figcaption><\/figure><\/li><li class=\"blocks-gallery-item\"><figure><img decoding=\"async\" loading=\"lazy\" width=\"1024\" height=\"682\" src=\"http:\/\/guillaume-castel-archi.com\/wp-content\/uploads\/2019\/10\/C-1-1024x682.jpg\" alt=\"\" data-id=\"297\" data-link=\"http:\/\/guillaume-castel-archi.com\/?attachment_id=297\" class=\"wp-image-297\" srcset=\"https:\/\/guillaume-castel-archi.com\/wp-content\/uploads\/2019\/10\/C-1-1024x682.jpg 1024w, https:\/\/guillaume-castel-archi.com\/wp-content\/uploads\/2019\/10\/C-1-300x200.jpg 300w, https:\/\/guillaume-castel-archi.com\/wp-content\/uploads\/2019\/10\/C-1-768x512.jpg 768w, https:\/\/guillaume-castel-archi.com\/wp-content\/uploads\/2019\/10\/C-1.jpg 1594w\" sizes=\"(max-width: 767px) 89vw, (max-width: 1000px) 54vw, (max-width: 1071px) 543px, 580px\" \/><figcaption class=\"blocks-gallery-item__caption\">Emmarchement<\/figcaption><\/figure><\/li><li class=\"blocks-gallery-item\"><figure><img decoding=\"async\" loading=\"lazy\" width=\"1024\" height=\"682\" src=\"http:\/\/guillaume-castel-archi.com\/wp-content\/uploads\/2019\/10\/C11-1024x682.jpg\" alt=\"\" data-id=\"308\" data-link=\"http:\/\/guillaume-castel-archi.com\/?attachment_id=308\" class=\"wp-image-308\" srcset=\"https:\/\/guillaume-castel-archi.com\/wp-content\/uploads\/2019\/10\/C11-1024x682.jpg 1024w, https:\/\/guillaume-castel-archi.com\/wp-content\/uploads\/2019\/10\/C11-300x200.jpg 300w, https:\/\/guillaume-castel-archi.com\/wp-content\/uploads\/2019\/10\/C11-768x512.jpg 768w, https:\/\/guillaume-castel-archi.com\/wp-content\/uploads\/2019\/10\/C11.jpg 1594w\" sizes=\"(max-width: 767px) 89vw, (max-width: 1000px) 54vw, (max-width: 1071px) 543px, 580px\" \/><figcaption class=\"blocks-gallery-item__caption\">Escalier \u00ab\u00a0les marches\u00a0\u00bb<\/figcaption><\/figure><\/li><li class=\"blocks-gallery-item\"><figure><img decoding=\"async\" loading=\"lazy\" width=\"1024\" height=\"683\" src=\"http:\/\/guillaume-castel-archi.com\/wp-content\/uploads\/2019\/10\/C-4-1024x683.jpg\" alt=\"\" data-id=\"300\" data-link=\"http:\/\/guillaume-castel-archi.com\/?attachment_id=300\" class=\"wp-image-300\" srcset=\"https:\/\/guillaume-castel-archi.com\/wp-content\/uploads\/2019\/10\/C-4-1024x683.jpg 1024w, https:\/\/guillaume-castel-archi.com\/wp-content\/uploads\/2019\/10\/C-4-300x200.jpg 300w, https:\/\/guillaume-castel-archi.com\/wp-content\/uploads\/2019\/10\/C-4-768x512.jpg 768w, https:\/\/guillaume-castel-archi.com\/wp-content\/uploads\/2019\/10\/C-4.jpg 2048w\" sizes=\"(max-width: 767px) 89vw, (max-width: 1000px) 54vw, (max-width: 1071px) 543px, 580px\" \/><figcaption class=\"blocks-gallery-item__caption\">Espace d&rsquo;accueil<\/figcaption><\/figure><\/li><\/ul><\/figure>\n\n\n<p><!--StartFragment--><\/p>\n<p class=\"has-text-align-justify\">Agence d&rsquo;Architecture Archidev<\/p>\n<p><!-- \/wp:paragraph --><!-- wp:paragraph {\"align\":\"justify\"} --><\/p>\n<p><!-- \/wp:paragraph --><!-- wp:paragraph --><\/p>\n<p>Ma\u00eetrise d&rsquo;ouvrage : Mairie de Cannes, b\u00e2timent existant<\/p>\n<p>R\u00e9habilitation lourde et extension, am\u00e9nagement int\u00e9rieur du Palais des festivals de Cannes.<\/p>\n<p><!-- \/wp:paragraph --><!-- wp:paragraph --><\/p>\n<p>Surface = 18 000 m\u00b2<\/p>\n<p><!-- wp:paragraph --><\/p>\n<p>Livraison : Septembre 2014 (phase 2)<\/p>\n<p><!-- \/wp:paragraph --><\/p>\n<p><!-- wp:paragraph --><\/p>\n<p>Entreprise mandataire : Eiffage construction alpes maritimes<\/p>\n<p><!-- \/wp:paragraph --><\/p>\n<p><!-- wp:paragraph --><\/p>\n<p><strong>R\u00f4le sur le projet<\/strong><\/p>\n<p><!-- \/wp:paragraph --><\/p>\n<p><!-- wp:paragraph --><\/p>\n<p>Architecte assistant chef de projet,<\/p>\n<p><!-- \/wp:paragraph --><\/p>\n<p><!-- wp:paragraph --><\/p>\n<p>Modification de la grande salle de spectacle, reconstitution des escaliers ext\u00e9rieurs, r\u00e9am\u00e9nagement de l&rsquo;espace d&rsquo;accueil, du foyer de r\u00e9ception, \u00e9laboration d&rsquo;un escalier monumental, cr\u00e9ation d&rsquo;un espace VIP<\/p>\n<p><!-- \/wp:paragraph --><\/p>\n<p><!-- wp:paragraph --><\/p>\n<p>Phases : APD, PRO, DCE,<\/p>\n<p><!-- \/wp:paragraph --><\/p>\n<p><!-- wp:paragraph --><\/p>\n<p>Logiciel : Autocad, Sketshup<\/p>\n<p><!-- \/wp:paragraph --><\/p>\n<p><!-- wp:paragraph --><\/p>\n<p>J&rsquo;ai constitu\u00e9 un ensemble de d\u00e9tails et de propositions de diff\u00e9rents \u00e9l\u00e9ments pr\u00e9d\u00e9finis.<\/p>\n<p><!-- \/wp:paragraph --><\/p>\n<p><!-- wp:paragraph --><\/p>\n<p>Le chantier s&rsquo;est d\u00e9roul\u00e9 durant les deux mois de l&rsquo;\u00e9t\u00e9 2014.<\/p>\n<p><!-- \/wp:paragraph --><\/p>\n<p><!-- wp:image --><\/p>\n<figure class=\"wp-block-image\"><\/figure>\n<p><!-- \/wp:image --><\/p>\n<p><!-- wp:columns {\"columns\":3} --><\/p>\n<div class=\"wp-block-columns has-3-columns\"><!-- wp:column --><p><\/p>\n<div class=\"wp-block-column\"><!-- wp:image {\"id\":317} --><p><\/p>\n<figure class=\"wp-block-image\"><a href=\"http:\/\/guillaume-castel-archi.com\/?page_id=322\"><img decoding=\"async\" loading=\"lazy\" width=\"1024\" height=\"522\" class=\"wp-image-317\" src=\"http:\/\/guillaume-castel-archi.com\/wp-content\/uploads\/2019\/10\/esc-2-1024x522.jpg\" alt=\"\" srcset=\"https:\/\/guillaume-castel-archi.com\/wp-content\/uploads\/2019\/10\/esc-2-1024x522.jpg 1024w, https:\/\/guillaume-castel-archi.com\/wp-content\/uploads\/2019\/10\/esc-2-300x153.jpg 300w, https:\/\/guillaume-castel-archi.com\/wp-content\/uploads\/2019\/10\/esc-2-768x392.jpg 768w, https:\/\/guillaume-castel-archi.com\/wp-content\/uploads\/2019\/10\/esc-2.jpg 1617w\" sizes=\"(max-width: 767px) 89vw, (max-width: 1000px) 54vw, (max-width: 1071px) 543px, 580px\" \/><\/a><figcaption>VOIR LES DETAILS DE L&rsquo;ESCALIER MONUMENTALE<\/figcaption><\/figure>\n<p><!-- \/wp:image --><\/p>\n<\/div>\n<p><!-- \/wp:column --><\/p>\n<p><!-- wp:column --><\/p>\n<div class=\"wp-block-column\"><!-- wp:image {\"id\":303} --><p><\/p>\n<figure class=\"wp-block-image\"><a href=\"http:\/\/guillaume-castel-archi.com\/?page_id=334\"><img decoding=\"async\" loading=\"lazy\" width=\"1024\" height=\"683\" class=\"wp-image-303\" src=\"http:\/\/guillaume-castel-archi.com\/wp-content\/uploads\/2019\/10\/C-7-1024x683.jpg\" alt=\"\" srcset=\"https:\/\/guillaume-castel-archi.com\/wp-content\/uploads\/2019\/10\/C-7-1024x683.jpg 1024w, https:\/\/guillaume-castel-archi.com\/wp-content\/uploads\/2019\/10\/C-7-300x200.jpg 300w, https:\/\/guillaume-castel-archi.com\/wp-content\/uploads\/2019\/10\/C-7-768x512.jpg 768w, https:\/\/guillaume-castel-archi.com\/wp-content\/uploads\/2019\/10\/C-7.jpg 2048w\" sizes=\"(max-width: 767px) 89vw, (max-width: 1000px) 54vw, (max-width: 1071px) 543px, 580px\" \/><\/a><p><\/p>\n<figcaption>VOIR LES DETAILS DE LA VERRIERE<\/figcaption>\n<\/figure>\n<p><!-- \/wp:image --><\/p>\n<\/div>\n<p><!-- \/wp:column --><\/p>\n<p><!-- wp:column --><\/p>\n<div class=\"wp-block-column\"><!-- wp:image {\"id\":297} --><p><\/p>\n<figure class=\"wp-block-image\"><a href=\"http:\/\/guillaume-castel-archi.com\/?page_id=332\"><img decoding=\"async\" loading=\"lazy\" width=\"1024\" height=\"682\" class=\"wp-image-297\" src=\"http:\/\/guillaume-castel-archi.com\/wp-content\/uploads\/2019\/10\/C-1-1024x682.jpg\" alt=\"\" srcset=\"https:\/\/guillaume-castel-archi.com\/wp-content\/uploads\/2019\/10\/C-1-1024x682.jpg 1024w, https:\/\/guillaume-castel-archi.com\/wp-content\/uploads\/2019\/10\/C-1-300x200.jpg 300w, https:\/\/guillaume-castel-archi.com\/wp-content\/uploads\/2019\/10\/C-1-768x512.jpg 768w, https:\/\/guillaume-castel-archi.com\/wp-content\/uploads\/2019\/10\/C-1.jpg 1594w\" sizes=\"(max-width: 767px) 89vw, (max-width: 1000px) 54vw, (max-width: 1071px) 543px, 580px\" \/><\/a><p><\/p>\n<figcaption>VOIR LES DETAILS DES EMMARCHEMENTS<\/figcaption>\n<\/figure>\n<p><!-- \/wp:image --><\/p>\n<\/div>\n<p><!-- \/wp:column --><\/p>\n<\/div>\n<p><!-- \/wp:columns --><\/p>\n<p><!-- wp:columns {\"columns\":3} --><\/p>\n<div class=\"wp-block-columns has-3-columns\"><!-- wp:column --><p><\/p>\n<div class=\"wp-block-column\"><!-- wp:image {\"id\":300,\"linkDestination\":\"custom\"} --><p><\/p>\n<figure class=\"wp-block-image\"><a href=\"http:\/\/guillaume-castel-archi.com\/?page_id=336\"><img decoding=\"async\" loading=\"lazy\" width=\"1024\" height=\"683\" class=\"wp-image-300\" src=\"http:\/\/guillaume-castel-archi.com\/wp-content\/uploads\/2019\/10\/C-4-1024x683.jpg\" alt=\"\" srcset=\"https:\/\/guillaume-castel-archi.com\/wp-content\/uploads\/2019\/10\/C-4-1024x683.jpg 1024w, https:\/\/guillaume-castel-archi.com\/wp-content\/uploads\/2019\/10\/C-4-300x200.jpg 300w, https:\/\/guillaume-castel-archi.com\/wp-content\/uploads\/2019\/10\/C-4-768x512.jpg 768w, https:\/\/guillaume-castel-archi.com\/wp-content\/uploads\/2019\/10\/C-4.jpg 2048w\" sizes=\"(max-width: 767px) 89vw, (max-width: 1000px) 54vw, (max-width: 1071px) 543px, 580px\" \/><\/a><p><\/p>\n<figcaption>VOIR DETAILS HABILLAGE POTEAUX<\/figcaption>\n<\/figure>\n<p><!-- \/wp:image --><\/p>\n<\/div>\n<p><!-- \/wp:column --><\/p>\n<p><!-- wp:column --><\/p>\n<div class=\"wp-block-column\"><!-- wp:image {\"id\":342} --><p><\/p>\n<figure class=\"wp-block-image\"><a href=\"http:\/\/guillaume-castel-archi.com\/?page_id=425\"><img decoding=\"async\" loading=\"lazy\" width=\"525\" height=\"279\" class=\"wp-image-342\" src=\"http:\/\/guillaume-castel-archi.com\/wp-content\/uploads\/2019\/10\/5037c1e374ede.jpg\" alt=\"\" srcset=\"https:\/\/guillaume-castel-archi.com\/wp-content\/uploads\/2019\/10\/5037c1e374ede.jpg 525w, https:\/\/guillaume-castel-archi.com\/wp-content\/uploads\/2019\/10\/5037c1e374ede-300x159.jpg 300w\" sizes=\"(max-width: 525px) 100vw, 525px\" \/><\/a><p><\/p>\n<figcaption>VOIR DETAIL GRANDE SALLE<\/figcaption>\n<\/figure>\n<p><!-- \/wp:image --><\/p>\n<\/div>\n<p><!-- \/wp:column --><\/p>\n<p><!-- wp:column --><\/p>\n<div class=\"wp-block-column\">&nbsp;<\/div>\n<p><!-- \/wp:column --><\/p>\n<\/div>\n<p><!-- \/wp:columns --><\/p>\n<p><!-- wp:columns --><\/p>\n<div class=\"wp-block-columns has-2-columns\"><!-- wp:column --><p><\/p>\n<div class=\"wp-block-column\"><!-- wp:image {\"id\":301} --><p><\/p>\n<figure class=\"wp-block-image\"><img decoding=\"async\" loading=\"lazy\" width=\"864\" height=\"576\" class=\"wp-image-301\" src=\"http:\/\/guillaume-castel-archi.com\/wp-content\/uploads\/2019\/10\/C-5.jpg\" alt=\"\" srcset=\"https:\/\/guillaume-castel-archi.com\/wp-content\/uploads\/2019\/10\/C-5.jpg 864w, https:\/\/guillaume-castel-archi.com\/wp-content\/uploads\/2019\/10\/C-5-300x200.jpg 300w, https:\/\/guillaume-castel-archi.com\/wp-content\/uploads\/2019\/10\/C-5-768x512.jpg 768w\" sizes=\"(max-width: 767px) 89vw, (max-width: 1000px) 54vw, (max-width: 1071px) 543px, 580px\" \/><p><\/p>\n<figcaption>VOIR LA VIDEO DU PROJET<\/figcaption>\n<\/figure>\n<p><!-- \/wp:image --><\/p>\n<\/div>\n<p><!-- \/wp:column --><\/p>\n<p><!-- wp:column --><\/p>\n<div class=\"wp-block-column\">&nbsp;<\/div>\n<p><!-- \/wp:column --><\/p>\n<\/div>\n<p><!-- \/wp:columns --><\/p>\n<p><!-- wp:columns {\"columns\":3} --><\/p>\n<div class=\"wp-block-columns has-3-columns\"><!-- wp:column --><p><\/p>\n<div class=\"wp-block-column\"><!-- wp:image {\"id\":351,\"linkDestination\":\"custom\"} --><p><\/p>\n<figure class=\"wp-block-image\"><a href=\"http:\/\/guillaume-castel-archi.com\/?page_id=431\"><img decoding=\"async\" loading=\"lazy\" width=\"1024\" height=\"533\" class=\"wp-image-351\" src=\"http:\/\/guillaume-castel-archi.com\/wp-content\/uploads\/2019\/10\/VIP-1024x533.jpg\" alt=\"\" srcset=\"https:\/\/guillaume-castel-archi.com\/wp-content\/uploads\/2019\/10\/VIP-1024x533.jpg 1024w, https:\/\/guillaume-castel-archi.com\/wp-content\/uploads\/2019\/10\/VIP-300x156.jpg 300w, https:\/\/guillaume-castel-archi.com\/wp-content\/uploads\/2019\/10\/VIP-768x399.jpg 768w, https:\/\/guillaume-castel-archi.com\/wp-content\/uploads\/2019\/10\/VIP.jpg 1598w\" sizes=\"(max-width: 767px) 89vw, (max-width: 1000px) 54vw, (max-width: 1071px) 543px, 580px\" \/><\/a><p><\/p>\n<figcaption>VOIR DETAILS ESPACE VIP<\/figcaption>\n<\/figure>\n<p><!-- \/wp:image --><\/p>\n<\/div>\n<p><!-- \/wp:column --><\/p>\n<p><!-- wp:column --><\/p>\n<div class=\"wp-block-column\">&nbsp;<\/div>\n<p><!-- \/wp:column --><\/p>\n<p><!-- wp:column --><\/p>\n<div class=\"wp-block-column\">&nbsp;<\/div>\n<p><!-- \/wp:column --><\/p>\n<\/div>\n<p><!-- \/wp:columns --><\/p>\n\n<!-- wp:image {\"id\":303,\"width\":113,\"height\":113,\"sizeSlug\":\"thumbnail\"} -->\n<figure class=\"wp-block-image size-thumbnail is-resized\"><a href=\"http:\/\/www.archidev.com\/projets-concours\/\" target=\"_blank\" rel=\"noopener noreferrer\"><img decoding=\"async\" loading=\"lazy\" src=\"http:\/\/guillaume-castel-archi.com\/wp-content\/uploads\/2019\/10\/C-7-150x150.jpg\" alt=\"\" class=\"wp-image-303\" width=\"113\" height=\"113\" srcset=\"https:\/\/guillaume-castel-archi.com\/wp-content\/uploads\/2019\/10\/C-7-150x150.jpg 150w, https:\/\/guillaume-castel-archi.com\/wp-content\/uploads\/2019\/10\/C-7-100x100.jpg 100w\" sizes=\"(max-width: 113px) 100vw, 113px\" \/><\/a><figcaption>Voir le projet sur le site Archidev<\/figcaption><\/figure>\n<!-- \/wp:image -->","protected":false},"excerpt":{"rendered":"<p>Agence d&rsquo;Architecture Archidev Ma\u00eetrise d&rsquo;ouvrage : Mairie de Cannes, b\u00e2timent existant R\u00e9habilitation lourde et extension, am\u00e9nagement int\u00e9rieur du Palais des festivals de Cannes. Surface = 18 000 m\u00b2 Livraison : Septembre 2014 (phase 2) Entreprise mandataire : Eiffage construction alpes maritimes R\u00f4le sur le projet Architecte assistant chef de projet, Modification de la grande salle &hellip; <\/p>\n<p class=\"link-more\"><a href=\"https:\/\/guillaume-castel-archi.com\/?page_id=288\" class=\"more-link\">Continuer la lecture<span class=\"screen-reader-text\"> de &laquo;&nbsp;Archidev Palais des festivals de Cannes&nbsp;&raquo;<\/span><\/a><\/p>\n","protected":false},"author":1,"featured_media":301,"parent":203,"menu_order":0,"comment_status":"closed","ping_status":"closed","template":"","meta":[],"_links":{"self":[{"href":"https:\/\/guillaume-castel-archi.com\/index.php?rest_route=\/wp\/v2\/pages\/288"}],"collection":[{"href":"https:\/\/guillaume-castel-archi.com\/index.php?rest_route=\/wp\/v2\/pages"}],"about":[{"href":"https:\/\/guillaume-castel-archi.com\/index.php?rest_route=\/wp\/v2\/types\/page"}],"author":[{"embeddable":true,"href":"https:\/\/guillaume-castel-archi.com\/index.php?rest_route=\/wp\/v2\/users\/1"}],"replies":[{"embeddable":true,"href":"https:\/\/guillaume-castel-archi.com\/index.php?rest_route=%2Fwp%2Fv2%2Fcomments&post=288"}],"version-history":[{"count":15,"href":"https:\/\/guillaume-castel-archi.com\/index.php?rest_route=\/wp\/v2\/pages\/288\/revisions"}],"predecessor-version":[{"id":1195,"href":"https:\/\/guillaume-castel-archi.com\/index.php?rest_route=\/wp\/v2\/pages\/288\/revisions\/1195"}],"up":[{"embeddable":true,"href":"https:\/\/guillaume-castel-archi.com\/index.php?rest_route=\/wp\/v2\/pages\/203"}],"wp:featuredmedia":[{"embeddable":true,"href":"https:\/\/guillaume-castel-archi.com\/index.php?rest_route=\/wp\/v2\/media\/301"}],"wp:attachment":[{"href":"https:\/\/guillaume-castel-archi.com\/index.php?rest_route=%2Fwp%2Fv2%2Fmedia&parent=288"}],"curies":[{"name":"wp","href":"https:\/\/api.w.org\/{rel}","templated":true}]}}