{"id":442,"date":"2019-10-09T21:45:48","date_gmt":"2019-10-09T19:45:48","guid":{"rendered":"http:\/\/guillaume-castel-archi.com\/?page_id=442"},"modified":"2019-10-24T08:09:28","modified_gmt":"2019-10-24T06:09:28","slug":"calq-landy","status":"publish","type":"page","link":"https:\/\/guillaume-castel-archi.com\/?page_id=442","title":{"rendered":"CALQ Landy"},"content":{"rendered":"\n<p>Ma\u00eetrise d\u2019ouvrage : EMERIGE, b\u00e2timent neuf <\/p>\n\n\n\n<p><br> Ensemble de bureaux pour le campus SNCF dans le quartier du Landy \u00e0 SAINT-DENIS. <\/p>\n\n\n\n<p><br> Surface = 22 000 m\u00b2 <\/p>\n\n\n\n<p><br> Livraison : 2013 <\/p>\n\n\n\n<p><br> R\u00f4le sur le projet <\/p>\n\n\n\n<p><br> Architecte, collaborateur chef de projet <\/p>\n\n\n\n<p><br> \u00c9laboration des plans preneurs SNCF. Mise \u00e0 jour des plans en cours. Comptes rendus de chantier <\/p>\n\n\n\n<p><br> Phase : EXE (intall\u00e9 sur chantier) Logiciel : Autocad,<\/p>\n\n\n<div class=\"wp-block-columns has-3-columns\">\n<div class=\"wp-block-column is-layout-flow\">\n<figure class=\"wp-block-image\"><a href=\"http:\/\/guillaume-castel-archi.com\/?page_id=1042\"><img decoding=\"async\" loading=\"lazy\" width=\"300\" height=\"198\" class=\"wp-image-875\" src=\"http:\/\/guillaume-castel-archi.com\/wp-content\/uploads\/2019\/10\/09-COUP-Coupe-2-\u00e9dicules-techniques-2-300x198.jpg\" alt=\"\" srcset=\"https:\/\/guillaume-castel-archi.com\/wp-content\/uploads\/2019\/10\/09-COUP-Coupe-2-\u00e9dicules-techniques-2-300x198.jpg 300w, https:\/\/guillaume-castel-archi.com\/wp-content\/uploads\/2019\/10\/09-COUP-Coupe-2-\u00e9dicules-techniques-2-768x508.jpg 768w, https:\/\/guillaume-castel-archi.com\/wp-content\/uploads\/2019\/10\/09-COUP-Coupe-2-\u00e9dicules-techniques-2-1024x677.jpg 1024w\" sizes=\"(max-width: 300px) 100vw, 300px\" \/><\/a>\n<p>\u00a0<\/p>\n<figcaption>VOIR LES DETAILS<\/figcaption>\n<\/figure>\n<p><\/p>\n<\/div>\n<p><\/p>\n<p><\/p>\n<div class=\"wp-block-column is-layout-flow\">\n<p>\u00a0<\/p>\n<figure class=\"wp-block-image\"><img decoding=\"async\" loading=\"lazy\" class=\"alignnone wp-image-876\" src=\"http:\/\/guillaume-castel-archi.com\/wp-content\/uploads\/2019\/10\/01-plans-cloisonnements-amovibles-300x198.jpg\" alt=\"\" width=\"300\" height=\"198\" srcset=\"https:\/\/guillaume-castel-archi.com\/wp-content\/uploads\/2019\/10\/01-plans-cloisonnements-amovibles-300x198.jpg 300w, https:\/\/guillaume-castel-archi.com\/wp-content\/uploads\/2019\/10\/01-plans-cloisonnements-amovibles-768x508.jpg 768w, https:\/\/guillaume-castel-archi.com\/wp-content\/uploads\/2019\/10\/01-plans-cloisonnements-amovibles-1024x678.jpg 1024w\" sizes=\"(max-width: 300px) 100vw, 300px\" \/>\n<p>\u00a0<\/p>\n<figcaption>VOIR LES PLANS PRENEURS<\/figcaption>\n<\/figure>\n<p><\/p>\n<p><\/p>\n<p><\/p>\n<\/div>\n<p><\/p>\n<p><\/p>\n<div class=\"wp-block-column is-layout-flow\">\u00a0<\/div>\n<p><\/p>\n<\/div>\n<p><!-- \/wp:columns --><\/p>\n\n<!-- wp:columns {\"columns\":5} -->\n<div class=\"wp-block-columns has-5-columns\"><!-- wp:column -->\n<div class=\"wp-block-column\"><!-- wp:image {\"id\":864,\"linkDestination\":\"custom\"} -->\n<figure class=\"wp-block-image\"><a href=\"http:\/\/www.calq.fr\/projet\/city-one-zac-landy-lot-2\/\"><img decoding=\"async\" loading=\"lazy\" width=\"150\" height=\"150\" src=\"http:\/\/guillaume-castel-archi.com\/wp-content\/uploads\/2019\/10\/Calq-st-denis126-150x150.jpg\" alt=\"\" class=\"wp-image-864\" srcset=\"https:\/\/guillaume-castel-archi.com\/wp-content\/uploads\/2019\/10\/Calq-st-denis126-150x150.jpg 150w, https:\/\/guillaume-castel-archi.com\/wp-content\/uploads\/2019\/10\/Calq-st-denis126-100x100.jpg 100w\" sizes=\"(max-width: 150px) 100vw, 150px\" \/><\/a><figcaption> Voir le projet sur le site de CALQ <\/figcaption><\/figure>\n<!-- \/wp:image --><\/div>\n<!-- \/wp:column -->\n\n<!-- wp:column -->\n<div class=\"wp-block-column\"><\/div>\n<!-- \/wp:column -->\n\n<!-- wp:column -->\n<div class=\"wp-block-column\"><\/div>\n<!-- \/wp:column -->\n\n<!-- wp:column -->\n<div class=\"wp-block-column\"><\/div>\n<!-- \/wp:column -->\n\n<!-- wp:column -->\n<div class=\"wp-block-column\"><\/div>\n<!-- \/wp:column --><\/div>\n<!-- \/wp:columns -->","protected":false},"excerpt":{"rendered":"<p>Ma\u00eetrise d\u2019ouvrage : EMERIGE, b\u00e2timent neuf Ensemble de bureaux pour le campus SNCF dans le quartier du Landy \u00e0 SAINT-DENIS. Surface = 22 000 m\u00b2 Livraison : 2013 R\u00f4le sur le projet Architecte, collaborateur chef de projet \u00c9laboration des plans preneurs SNCF. Mise \u00e0 jour des plans en cours. Comptes rendus de chantier Phase : &hellip; <\/p>\n<p class=\"link-more\"><a href=\"https:\/\/guillaume-castel-archi.com\/?page_id=442\" class=\"more-link\">Continuer la lecture<span class=\"screen-reader-text\"> de &laquo;&nbsp;CALQ Landy&nbsp;&raquo;<\/span><\/a><\/p>\n","protected":false},"author":1,"featured_media":0,"parent":207,"menu_order":0,"comment_status":"closed","ping_status":"closed","template":"","meta":[],"_links":{"self":[{"href":"https:\/\/guillaume-castel-archi.com\/index.php?rest_route=\/wp\/v2\/pages\/442"}],"collection":[{"href":"https:\/\/guillaume-castel-archi.com\/index.php?rest_route=\/wp\/v2\/pages"}],"about":[{"href":"https:\/\/guillaume-castel-archi.com\/index.php?rest_route=\/wp\/v2\/types\/page"}],"author":[{"embeddable":true,"href":"https:\/\/guillaume-castel-archi.com\/index.php?rest_route=\/wp\/v2\/users\/1"}],"replies":[{"embeddable":true,"href":"https:\/\/guillaume-castel-archi.com\/index.php?rest_route=%2Fwp%2Fv2%2Fcomments&post=442"}],"version-history":[{"count":9,"href":"https:\/\/guillaume-castel-archi.com\/index.php?rest_route=\/wp\/v2\/pages\/442\/revisions"}],"predecessor-version":[{"id":1048,"href":"https:\/\/guillaume-castel-archi.com\/index.php?rest_route=\/wp\/v2\/pages\/442\/revisions\/1048"}],"up":[{"embeddable":true,"href":"https:\/\/guillaume-castel-archi.com\/index.php?rest_route=\/wp\/v2\/pages\/207"}],"wp:attachment":[{"href":"https:\/\/guillaume-castel-archi.com\/index.php?rest_route=%2Fwp%2Fv2%2Fmedia&parent=442"}],"curies":[{"name":"wp","href":"https:\/\/api.w.org\/{rel}","templated":true}]}}