{"id":444,"date":"2019-10-09T21:46:34","date_gmt":"2019-10-09T19:46:34","guid":{"rendered":"http:\/\/guillaume-castel-archi.com\/?page_id=444"},"modified":"2019-10-22T19:05:57","modified_gmt":"2019-10-22T17:05:57","slug":"calq-scientipole","status":"publish","type":"page","link":"https:\/\/guillaume-castel-archi.com\/?page_id=444","title":{"rendered":"CALQ Scientipole"},"content":{"rendered":"\n<ul class=\"wp-block-gallery columns-3 is-cropped wp-block-gallery-1 is-layout-flex\"><li class=\"blocks-gallery-item\"><figure><a href=\"http:\/\/guillaume-castel-archi.com\/wp-content\/uploads\/2019\/10\/concours-scientipole-page-1-1024x721.jpg\"><img decoding=\"async\" loading=\"lazy\" width=\"1024\" height=\"721\" src=\"http:\/\/guillaume-castel-archi.com\/wp-content\/uploads\/2019\/10\/concours-scientipole-page-1-1024x721.jpg\" alt=\"\" data-id=\"894\" data-link=\"http:\/\/guillaume-castel-archi.com\/?attachment_id=894\" class=\"wp-image-894\" srcset=\"https:\/\/guillaume-castel-archi.com\/wp-content\/uploads\/2019\/10\/concours-scientipole-page-1-1024x721.jpg 1024w, https:\/\/guillaume-castel-archi.com\/wp-content\/uploads\/2019\/10\/concours-scientipole-page-1-300x211.jpg 300w, https:\/\/guillaume-castel-archi.com\/wp-content\/uploads\/2019\/10\/concours-scientipole-page-1-768x541.jpg 768w, https:\/\/guillaume-castel-archi.com\/wp-content\/uploads\/2019\/10\/concours-scientipole-page-1.jpg 1189w\" sizes=\"(max-width: 767px) 89vw, (max-width: 1000px) 54vw, (max-width: 1071px) 543px, 580px\" \/><\/a><figcaption>Concours Panneau 01<\/figcaption><\/figure><\/li><li class=\"blocks-gallery-item\"><figure><a href=\"http:\/\/guillaume-castel-archi.com\/wp-content\/uploads\/2019\/10\/concours-scientipole-page-2-1024x721.jpg\"><img decoding=\"async\" loading=\"lazy\" width=\"1024\" height=\"721\" src=\"http:\/\/guillaume-castel-archi.com\/wp-content\/uploads\/2019\/10\/concours-scientipole-page-2-1024x721.jpg\" alt=\"\" data-id=\"895\" data-link=\"http:\/\/guillaume-castel-archi.com\/?attachment_id=895\" class=\"wp-image-895\" srcset=\"https:\/\/guillaume-castel-archi.com\/wp-content\/uploads\/2019\/10\/concours-scientipole-page-2-1024x721.jpg 1024w, https:\/\/guillaume-castel-archi.com\/wp-content\/uploads\/2019\/10\/concours-scientipole-page-2-300x211.jpg 300w, https:\/\/guillaume-castel-archi.com\/wp-content\/uploads\/2019\/10\/concours-scientipole-page-2-768x541.jpg 768w, https:\/\/guillaume-castel-archi.com\/wp-content\/uploads\/2019\/10\/concours-scientipole-page-2.jpg 1189w\" sizes=\"(max-width: 767px) 89vw, (max-width: 1000px) 54vw, (max-width: 1071px) 543px, 580px\" \/><\/a><figcaption>Concours Panneau 02<\/figcaption><\/figure><\/li><li class=\"blocks-gallery-item\"><figure><a href=\"http:\/\/guillaume-castel-archi.com\/wp-content\/uploads\/2019\/10\/concours-scientipole-page-3-1024x721.jpg\"><img decoding=\"async\" loading=\"lazy\" width=\"1024\" height=\"721\" src=\"http:\/\/guillaume-castel-archi.com\/wp-content\/uploads\/2019\/10\/concours-scientipole-page-3-1024x721.jpg\" alt=\"\" data-id=\"896\" data-link=\"http:\/\/guillaume-castel-archi.com\/?attachment_id=896\" class=\"wp-image-896\" srcset=\"https:\/\/guillaume-castel-archi.com\/wp-content\/uploads\/2019\/10\/concours-scientipole-page-3-1024x721.jpg 1024w, https:\/\/guillaume-castel-archi.com\/wp-content\/uploads\/2019\/10\/concours-scientipole-page-3-300x211.jpg 300w, https:\/\/guillaume-castel-archi.com\/wp-content\/uploads\/2019\/10\/concours-scientipole-page-3-768x541.jpg 768w, https:\/\/guillaume-castel-archi.com\/wp-content\/uploads\/2019\/10\/concours-scientipole-page-3.jpg 1189w\" sizes=\"(max-width: 767px) 89vw, (max-width: 1000px) 54vw, (max-width: 1071px) 543px, 580px\" \/><\/a><figcaption>Concours Panneau 03<\/figcaption><\/figure><\/li><\/ul>\n\n\n<p class=\"has-text-align-justify\">Agence d&rsquo;Architecture CALQ<\/p>\n<p><!-- \/wp:paragraph --><!-- wp:paragraph {\"align\":\"justify\"} --><\/p>\n<p><!-- \/wp:paragraph --><!-- wp:paragraph --><\/p>\n<p>Ma\u00eetrise d&rsquo;ouvrage : Mairie Palaiseau, b\u00e2timent neuf<\/p>\n<p>Groupe scolaire de 18 classes \u00e0 Palaiseau. Centre extra-scolaire<\/p>\n<p><!-- \/wp:paragraph --><!-- wp:paragraph --><\/p>\n<p>Surface = 4 700 m\u00b2<\/p>\n<p><!-- wp:paragraph --><\/p>\n<p>Livraison : 2014<\/p>\n<p>Maitrise d&rsquo;ouvrage associ\u00e9 : Eiffage construction<\/p>\n<p><!-- \/wp:paragraph --><\/p>\n<p><!-- wp:paragraph --><\/p>\n<p><!-- \/wp:paragraph --><\/p>\n<p><!-- wp:paragraph --><\/p>\n<p><strong>R\u00f4le sur le projet<\/strong><\/p>\n<p><!-- \/wp:paragraph --><\/p>\n<p><!-- wp:paragraph --><\/p>\n<p>Architecte,<\/p>\n<p><!-- \/wp:paragraph --><\/p>\n<p><!-- wp:paragraph --><\/p>\n<p>Constitution des \u00e9l\u00e9ments graphique pour le concours<\/p>\n<p>plans et fa\u00e7ades, d\u00e9tails.<\/p>\n<p><!-- \/wp:paragraph --><\/p>\n<p><!-- wp:paragraph --><\/p>\n<p>Phases : Concours<\/p>\n<p><!-- \/wp:paragraph --><\/p>\n<p><!-- wp:paragraph --><\/p>\n<p>Logiciel : Autocad, Photoshop<!--EndFragment--><\/p>\n<p><!-- \/wp:paragraph --><\/p>\n<p><!-- wp:paragraph --><\/p>\n\n<!-- wp:gallery {\"ids\":[883,884,892,885,886,890,889,888,887,893],\"columns\":2,\"linkTo\":\"media\"} -->\n<ul class=\"wp-block-gallery columns-2 is-cropped\"><li class=\"blocks-gallery-item\"><figure><a href=\"http:\/\/guillaume-castel-archi.com\/wp-content\/uploads\/2019\/10\/01-Situation-1024x724.jpg\"><img decoding=\"async\" loading=\"lazy\" width=\"1024\" height=\"724\" src=\"http:\/\/guillaume-castel-archi.com\/wp-content\/uploads\/2019\/10\/01-Situation-1024x724.jpg\" alt=\"\" data-id=\"883\" data-link=\"http:\/\/guillaume-castel-archi.com\/?attachment_id=883\" class=\"wp-image-883\" srcset=\"https:\/\/guillaume-castel-archi.com\/wp-content\/uploads\/2019\/10\/01-Situation-1024x724.jpg 1024w, https:\/\/guillaume-castel-archi.com\/wp-content\/uploads\/2019\/10\/01-Situation-300x212.jpg 300w, https:\/\/guillaume-castel-archi.com\/wp-content\/uploads\/2019\/10\/01-Situation-768x543.jpg 768w\" sizes=\"(max-width: 767px) 89vw, (max-width: 1000px) 54vw, (max-width: 1071px) 543px, 580px\" \/><\/a><figcaption>Contexte<\/figcaption><\/figure><\/li><li class=\"blocks-gallery-item\"><figure><a href=\"http:\/\/guillaume-castel-archi.com\/wp-content\/uploads\/2019\/10\/02-PM-1024x724.jpg\"><img decoding=\"async\" loading=\"lazy\" width=\"1024\" height=\"724\" src=\"http:\/\/guillaume-castel-archi.com\/wp-content\/uploads\/2019\/10\/02-PM-1024x724.jpg\" alt=\"\" data-id=\"884\" data-link=\"http:\/\/guillaume-castel-archi.com\/?attachment_id=884\" class=\"wp-image-884\" srcset=\"https:\/\/guillaume-castel-archi.com\/wp-content\/uploads\/2019\/10\/02-PM-1024x724.jpg 1024w, https:\/\/guillaume-castel-archi.com\/wp-content\/uploads\/2019\/10\/02-PM-300x212.jpg 300w, https:\/\/guillaume-castel-archi.com\/wp-content\/uploads\/2019\/10\/02-PM-768x543.jpg 768w\" sizes=\"(max-width: 767px) 89vw, (max-width: 1000px) 54vw, (max-width: 1071px) 543px, 580px\" \/><\/a><figcaption>plan masse<\/figcaption><\/figure><\/li><li class=\"blocks-gallery-item\"><figure><a href=\"http:\/\/guillaume-castel-archi.com\/wp-content\/uploads\/2019\/10\/07-PLAN-PLU-1024x724.jpg\"><img decoding=\"async\" loading=\"lazy\" width=\"1024\" height=\"724\" src=\"http:\/\/guillaume-castel-archi.com\/wp-content\/uploads\/2019\/10\/07-PLAN-PLU-1024x724.jpg\" alt=\"\" data-id=\"892\" data-link=\"http:\/\/guillaume-castel-archi.com\/?attachment_id=892\" class=\"wp-image-892\" srcset=\"https:\/\/guillaume-castel-archi.com\/wp-content\/uploads\/2019\/10\/07-PLAN-PLU-1024x724.jpg 1024w, https:\/\/guillaume-castel-archi.com\/wp-content\/uploads\/2019\/10\/07-PLAN-PLU-300x212.jpg 300w, https:\/\/guillaume-castel-archi.com\/wp-content\/uploads\/2019\/10\/07-PLAN-PLU-768x543.jpg 768w\" sizes=\"(max-width: 767px) 89vw, (max-width: 1000px) 54vw, (max-width: 1071px) 543px, 580px\" \/><\/a><\/figure><\/li><li class=\"blocks-gallery-item\"><figure><a href=\"http:\/\/guillaume-castel-archi.com\/wp-content\/uploads\/2019\/10\/03-RDC-1024x724.jpg\"><img decoding=\"async\" loading=\"lazy\" width=\"1024\" height=\"724\" src=\"http:\/\/guillaume-castel-archi.com\/wp-content\/uploads\/2019\/10\/03-RDC-1024x724.jpg\" alt=\"\" data-id=\"885\" data-link=\"http:\/\/guillaume-castel-archi.com\/?attachment_id=885\" class=\"wp-image-885\" srcset=\"https:\/\/guillaume-castel-archi.com\/wp-content\/uploads\/2019\/10\/03-RDC-1024x724.jpg 1024w, https:\/\/guillaume-castel-archi.com\/wp-content\/uploads\/2019\/10\/03-RDC-300x212.jpg 300w, https:\/\/guillaume-castel-archi.com\/wp-content\/uploads\/2019\/10\/03-RDC-768x543.jpg 768w\" sizes=\"(max-width: 767px) 89vw, (max-width: 1000px) 54vw, (max-width: 1071px) 543px, 580px\" \/><\/a><figcaption>Plan de RDC<\/figcaption><\/figure><\/li><li class=\"blocks-gallery-item\"><figure><a href=\"http:\/\/guillaume-castel-archi.com\/wp-content\/uploads\/2019\/10\/04-1er-ETAGE-1024x724.jpg\"><img decoding=\"async\" loading=\"lazy\" width=\"1024\" height=\"724\" src=\"http:\/\/guillaume-castel-archi.com\/wp-content\/uploads\/2019\/10\/04-1er-ETAGE-1024x724.jpg\" alt=\"\" data-id=\"886\" data-link=\"http:\/\/guillaume-castel-archi.com\/?attachment_id=886\" class=\"wp-image-886\" srcset=\"https:\/\/guillaume-castel-archi.com\/wp-content\/uploads\/2019\/10\/04-1er-ETAGE-1024x724.jpg 1024w, https:\/\/guillaume-castel-archi.com\/wp-content\/uploads\/2019\/10\/04-1er-ETAGE-300x212.jpg 300w, https:\/\/guillaume-castel-archi.com\/wp-content\/uploads\/2019\/10\/04-1er-ETAGE-768x543.jpg 768w\" sizes=\"(max-width: 767px) 89vw, (max-width: 1000px) 54vw, (max-width: 1071px) 543px, 580px\" \/><\/a><figcaption>Plan de l&rsquo;\u00e9tage<\/figcaption><\/figure><\/li><li class=\"blocks-gallery-item\"><figure><a href=\"http:\/\/guillaume-castel-archi.com\/wp-content\/uploads\/2019\/10\/05d-facades4-1024x724.jpg\"><img decoding=\"async\" loading=\"lazy\" width=\"1024\" height=\"724\" src=\"http:\/\/guillaume-castel-archi.com\/wp-content\/uploads\/2019\/10\/05d-facades4-1024x724.jpg\" alt=\"\" data-id=\"890\" data-link=\"http:\/\/guillaume-castel-archi.com\/?attachment_id=890\" class=\"wp-image-890\" srcset=\"https:\/\/guillaume-castel-archi.com\/wp-content\/uploads\/2019\/10\/05d-facades4-1024x724.jpg 1024w, https:\/\/guillaume-castel-archi.com\/wp-content\/uploads\/2019\/10\/05d-facades4-300x212.jpg 300w, https:\/\/guillaume-castel-archi.com\/wp-content\/uploads\/2019\/10\/05d-facades4-768x543.jpg 768w\" sizes=\"(max-width: 767px) 89vw, (max-width: 1000px) 54vw, (max-width: 1071px) 543px, 580px\" \/><\/a><figcaption>fa\u00e7ades sur cour<\/figcaption><\/figure><\/li><li class=\"blocks-gallery-item\"><figure><a href=\"http:\/\/guillaume-castel-archi.com\/wp-content\/uploads\/2019\/10\/05c-facades3-1024x724.jpg\"><img decoding=\"async\" loading=\"lazy\" width=\"1024\" height=\"724\" src=\"http:\/\/guillaume-castel-archi.com\/wp-content\/uploads\/2019\/10\/05c-facades3-1024x724.jpg\" alt=\"\" data-id=\"889\" data-link=\"http:\/\/guillaume-castel-archi.com\/?attachment_id=889\" class=\"wp-image-889\" srcset=\"https:\/\/guillaume-castel-archi.com\/wp-content\/uploads\/2019\/10\/05c-facades3-1024x724.jpg 1024w, https:\/\/guillaume-castel-archi.com\/wp-content\/uploads\/2019\/10\/05c-facades3-300x212.jpg 300w, https:\/\/guillaume-castel-archi.com\/wp-content\/uploads\/2019\/10\/05c-facades3-768x543.jpg 768w\" sizes=\"(max-width: 767px) 89vw, (max-width: 1000px) 54vw, (max-width: 1071px) 543px, 580px\" \/><\/a><figcaption>fa\u00e7ades sur cour<\/figcaption><\/figure><\/li><li class=\"blocks-gallery-item\"><figure><a href=\"http:\/\/guillaume-castel-archi.com\/wp-content\/uploads\/2019\/10\/05b-facades2-1024x724.jpg\"><img decoding=\"async\" loading=\"lazy\" width=\"1024\" height=\"724\" src=\"http:\/\/guillaume-castel-archi.com\/wp-content\/uploads\/2019\/10\/05b-facades2-1024x724.jpg\" alt=\"\" data-id=\"888\" data-link=\"http:\/\/guillaume-castel-archi.com\/?attachment_id=888\" class=\"wp-image-888\" srcset=\"https:\/\/guillaume-castel-archi.com\/wp-content\/uploads\/2019\/10\/05b-facades2-1024x724.jpg 1024w, https:\/\/guillaume-castel-archi.com\/wp-content\/uploads\/2019\/10\/05b-facades2-300x212.jpg 300w, https:\/\/guillaume-castel-archi.com\/wp-content\/uploads\/2019\/10\/05b-facades2-768x543.jpg 768w\" sizes=\"(max-width: 767px) 89vw, (max-width: 1000px) 54vw, (max-width: 1071px) 543px, 580px\" \/><\/a><figcaption>Fa\u00e7ades ext\u00e9rieures<\/figcaption><\/figure><\/li><li class=\"blocks-gallery-item\"><figure><a href=\"http:\/\/guillaume-castel-archi.com\/wp-content\/uploads\/2019\/10\/05a-facades-1024x724.jpg\"><img decoding=\"async\" loading=\"lazy\" width=\"1024\" height=\"724\" src=\"http:\/\/guillaume-castel-archi.com\/wp-content\/uploads\/2019\/10\/05a-facades-1024x724.jpg\" alt=\"\" data-id=\"887\" data-link=\"http:\/\/guillaume-castel-archi.com\/?attachment_id=887\" class=\"wp-image-887\" srcset=\"https:\/\/guillaume-castel-archi.com\/wp-content\/uploads\/2019\/10\/05a-facades-1024x724.jpg 1024w, https:\/\/guillaume-castel-archi.com\/wp-content\/uploads\/2019\/10\/05a-facades-300x212.jpg 300w, https:\/\/guillaume-castel-archi.com\/wp-content\/uploads\/2019\/10\/05a-facades-768x543.jpg 768w\" sizes=\"(max-width: 767px) 89vw, (max-width: 1000px) 54vw, (max-width: 1071px) 543px, 580px\" \/><\/a><figcaption>Fa\u00e7ades exterieures <\/figcaption><\/figure><\/li><li class=\"blocks-gallery-item\"><figure><a href=\"http:\/\/guillaume-castel-archi.com\/wp-content\/uploads\/2019\/10\/08-D\u00e9tails-1024x724.jpg\"><img decoding=\"async\" loading=\"lazy\" width=\"1024\" height=\"724\" src=\"http:\/\/guillaume-castel-archi.com\/wp-content\/uploads\/2019\/10\/08-D\u00e9tails-1024x724.jpg\" alt=\"\" data-id=\"893\" data-link=\"http:\/\/guillaume-castel-archi.com\/?attachment_id=893\" class=\"wp-image-893\" srcset=\"https:\/\/guillaume-castel-archi.com\/wp-content\/uploads\/2019\/10\/08-D\u00e9tails-1024x724.jpg 1024w, https:\/\/guillaume-castel-archi.com\/wp-content\/uploads\/2019\/10\/08-D\u00e9tails-300x212.jpg 300w, https:\/\/guillaume-castel-archi.com\/wp-content\/uploads\/2019\/10\/08-D\u00e9tails-768x543.jpg 768w\" sizes=\"(max-width: 767px) 89vw, (max-width: 1000px) 54vw, (max-width: 1071px) 543px, 580px\" \/><\/a><figcaption>D\u00e9tails du projet<\/figcaption><\/figure><\/li><\/ul>\n<!-- \/wp:gallery -->","protected":false},"excerpt":{"rendered":"<p>Agence d&rsquo;Architecture CALQ Ma\u00eetrise d&rsquo;ouvrage : Mairie Palaiseau, b\u00e2timent neuf Groupe scolaire de 18 classes \u00e0 Palaiseau. Centre extra-scolaire Surface = 4 700 m\u00b2 Livraison : 2014 Maitrise d&rsquo;ouvrage associ\u00e9 : Eiffage construction R\u00f4le sur le projet Architecte, Constitution des \u00e9l\u00e9ments graphique pour le concours plans et fa\u00e7ades, d\u00e9tails. Phases : Concours Logiciel : Autocad, &hellip; <\/p>\n<p class=\"link-more\"><a href=\"https:\/\/guillaume-castel-archi.com\/?page_id=444\" class=\"more-link\">Continuer la lecture<span class=\"screen-reader-text\"> de &laquo;&nbsp;CALQ Scientipole&nbsp;&raquo;<\/span><\/a><\/p>\n","protected":false},"author":1,"featured_media":896,"parent":207,"menu_order":0,"comment_status":"closed","ping_status":"closed","template":"","meta":[],"_links":{"self":[{"href":"https:\/\/guillaume-castel-archi.com\/index.php?rest_route=\/wp\/v2\/pages\/444"}],"collection":[{"href":"https:\/\/guillaume-castel-archi.com\/index.php?rest_route=\/wp\/v2\/pages"}],"about":[{"href":"https:\/\/guillaume-castel-archi.com\/index.php?rest_route=\/wp\/v2\/types\/page"}],"author":[{"embeddable":true,"href":"https:\/\/guillaume-castel-archi.com\/index.php?rest_route=\/wp\/v2\/users\/1"}],"replies":[{"embeddable":true,"href":"https:\/\/guillaume-castel-archi.com\/index.php?rest_route=%2Fwp%2Fv2%2Fcomments&post=444"}],"version-history":[{"count":7,"href":"https:\/\/guillaume-castel-archi.com\/index.php?rest_route=\/wp\/v2\/pages\/444\/revisions"}],"predecessor-version":[{"id":1035,"href":"https:\/\/guillaume-castel-archi.com\/index.php?rest_route=\/wp\/v2\/pages\/444\/revisions\/1035"}],"up":[{"embeddable":true,"href":"https:\/\/guillaume-castel-archi.com\/index.php?rest_route=\/wp\/v2\/pages\/207"}],"wp:featuredmedia":[{"embeddable":true,"href":"https:\/\/guillaume-castel-archi.com\/index.php?rest_route=\/wp\/v2\/media\/896"}],"wp:attachment":[{"href":"https:\/\/guillaume-castel-archi.com\/index.php?rest_route=%2Fwp%2Fv2%2Fmedia&parent=444"}],"curies":[{"name":"wp","href":"https:\/\/api.w.org\/{rel}","templated":true}]}}