{"id":609,"date":"2019-10-12T15:42:45","date_gmt":"2019-10-12T13:42:45","guid":{"rendered":"http:\/\/guillaume-castel-archi.com\/?page_id=609"},"modified":"2020-04-28T12:50:15","modified_gmt":"2020-04-28T10:50:15","slug":"guignetrand-69-logements","status":"publish","type":"page","link":"https:\/\/guillaume-castel-archi.com\/?page_id=609","title":{"rendered":"Guignetrand 69 logements"},"content":{"rendered":"<p class=\"has-text-align-justify\">Agence d&rsquo;Architecture F Guignetrand<\/p>\n<p><!-- \/wp:paragraph --><!-- wp:paragraph {\"align\":\"justify\"} --><\/p>\n<p><!-- \/wp:paragraph --><!-- wp:paragraph --><\/p>\n<p>Ma\u00eetrise d&rsquo;ouvrage : OPAC de l&rsquo;Oise, b\u00e2timent neuf<\/p>\n<p>R\u00e9sidence neuve de 69 logements dont 18 logts locatifs avec commerce et 41 logts en accession \u00e0 Nanteuil-le-Haudouin<\/p>\n<p>Surface = 2 400 m\u00b2<\/p>\n<p><!-- \/wp:paragraph --><!-- wp:paragraph --><\/p>\n<p><!-- wp:paragraph --><\/p>\n<p>Livraison : 2020<\/p>\n<p><!-- \/wp:paragraph --><\/p>\n<p><!-- wp:paragraph --><\/p>\n<p><!-- \/wp:paragraph --><\/p>\n<p><!-- wp:paragraph --><\/p>\n<p><strong>R\u00f4le sur le projet<\/strong><\/p>\n<p><!-- \/wp:paragraph --><\/p>\n<p><!-- wp:paragraph --><\/p>\n<p>Architecte chef de projet,<\/p>\n<p>Construction de 3 b\u00e2timents sur le site d&rsquo;un ancien lyc\u00e9e agricole. Am\u00e9nagements de l&rsquo;ensemble du site en 2 phases &#8211; 9 autres b\u00e2timents pr\u00e9vu<\/p>\n<p><!-- \/wp:paragraph --><\/p>\n<p><!-- wp:paragraph --><\/p>\n<p><!-- \/wp:paragraph --><\/p>\n<p><!-- wp:paragraph --><\/p>\n<p>Phases : APS, PC, APD, PRO, DCE, VISA<\/p>\n<p><!-- \/wp:paragraph --><\/p>\n<p><!-- wp:paragraph --><\/p>\n<p>Logiciel : Autocad,<\/p>\n<p><!-- \/wp:paragraph --><\/p>\n<p><!-- wp:paragraph --><\/p>\n<p>Mise au point projet, r\u00e9unions BETs, constitution des documents graphiques des toutes les phases. Gestion VISAS<\/p>\n<p><!-- \/wp:paragraph --><\/p>\n<p><!-- wp:paragraph --><\/p>\n<p>Le chantier de la construction est en cours depuis d\u00e9but 2019<\/p>\n<p><!--EndFragment--><\/p>\n<p><!-- wp:gallery {\"ids\":[659,660,661,662,663,666,665,664],\"columns\":2} --><\/p>\n<ul class=\"wp-block-gallery columns-2 is-cropped\">\n<li class=\"blocks-gallery-item\">\n<figure><img decoding=\"async\" class=\"wp-image-659\" src=\"http:\/\/guillaume-castel-archi.com\/wp-content\/uploads\/2019\/10\/01-Plan-masse-A1.jpg\" alt=\"\" data-id=\"659\" data-link=\"http:\/\/guillaume-castel-archi.com\/?attachment_id=659\" \/><\/figure>\n<\/li>\n<li class=\"blocks-gallery-item\">\n<figure><img decoding=\"async\" loading=\"lazy\" width=\"1024\" height=\"740\" class=\"wp-image-660\" src=\"http:\/\/guillaume-castel-archi.com\/wp-content\/uploads\/2019\/10\/04-Locatifs-Plan-R1-A0-1024x740.jpg\" alt=\"\" data-id=\"660\" data-link=\"http:\/\/guillaume-castel-archi.com\/?attachment_id=660\" srcset=\"https:\/\/guillaume-castel-archi.com\/wp-content\/uploads\/2019\/10\/04-Locatifs-Plan-R1-A0-1024x740.jpg 1024w, https:\/\/guillaume-castel-archi.com\/wp-content\/uploads\/2019\/10\/04-Locatifs-Plan-R1-A0-300x217.jpg 300w, https:\/\/guillaume-castel-archi.com\/wp-content\/uploads\/2019\/10\/04-Locatifs-Plan-R1-A0-768x555.jpg 768w\" sizes=\"(max-width: 767px) 89vw, (max-width: 1000px) 54vw, (max-width: 1071px) 543px, 580px\" \/><\/figure>\n<\/li>\n<li class=\"blocks-gallery-item\">\n<figure><img decoding=\"async\" loading=\"lazy\" width=\"1024\" height=\"724\" class=\"wp-image-661\" src=\"http:\/\/guillaume-castel-archi.com\/wp-content\/uploads\/2019\/10\/05-Locatifs-Facades-A0-1024x724.jpg\" alt=\"\" data-id=\"661\" data-link=\"http:\/\/guillaume-castel-archi.com\/?attachment_id=661\" srcset=\"https:\/\/guillaume-castel-archi.com\/wp-content\/uploads\/2019\/10\/05-Locatifs-Facades-A0-1024x724.jpg 1024w, https:\/\/guillaume-castel-archi.com\/wp-content\/uploads\/2019\/10\/05-Locatifs-Facades-A0-300x212.jpg 300w, https:\/\/guillaume-castel-archi.com\/wp-content\/uploads\/2019\/10\/05-Locatifs-Facades-A0-768x543.jpg 768w\" sizes=\"(max-width: 767px) 89vw, (max-width: 1000px) 54vw, (max-width: 1071px) 543px, 580px\" \/><\/figure>\n<\/li>\n<li class=\"blocks-gallery-item\">\n<figure><img decoding=\"async\" class=\"wp-image-662\" src=\"http:\/\/guillaume-castel-archi.com\/wp-content\/uploads\/2019\/10\/10-Bat-B-Plan-R1-A0.jpg\" alt=\"\" data-id=\"662\" data-link=\"http:\/\/guillaume-castel-archi.com\/?attachment_id=662\" \/><\/figure>\n<\/li>\n<li class=\"blocks-gallery-item\">\n<figure><img decoding=\"async\" class=\"wp-image-663\" src=\"http:\/\/guillaume-castel-archi.com\/wp-content\/uploads\/2019\/10\/11-Bat-B-Facades-A0.jpg\" alt=\"\" data-id=\"663\" data-link=\"http:\/\/guillaume-castel-archi.com\/?attachment_id=663\" \/><\/figure>\n<\/li>\n<li class=\"blocks-gallery-item\">\n<figure><img decoding=\"async\" loading=\"lazy\" width=\"1024\" height=\"707\" class=\"wp-image-666\" src=\"http:\/\/guillaume-castel-archi.com\/wp-content\/uploads\/2019\/10\/12-Bat-B-Plan-vente-1024x707.jpg\" alt=\"\" data-id=\"666\" data-link=\"http:\/\/guillaume-castel-archi.com\/?attachment_id=666\" srcset=\"https:\/\/guillaume-castel-archi.com\/wp-content\/uploads\/2019\/10\/12-Bat-B-Plan-vente-1024x707.jpg 1024w, https:\/\/guillaume-castel-archi.com\/wp-content\/uploads\/2019\/10\/12-Bat-B-Plan-vente-300x207.jpg 300w, https:\/\/guillaume-castel-archi.com\/wp-content\/uploads\/2019\/10\/12-Bat-B-Plan-vente-768x530.jpg 768w\" sizes=\"(max-width: 767px) 89vw, (max-width: 1000px) 54vw, (max-width: 1071px) 543px, 580px\" \/><\/figure>\n<\/li>\n<li class=\"blocks-gallery-item\">\n<figure><img decoding=\"async\" loading=\"lazy\" width=\"1024\" height=\"724\" class=\"wp-image-665\" src=\"http:\/\/guillaume-castel-archi.com\/wp-content\/uploads\/2019\/10\/11-Halls-dentr\u00e9e-92-1024x724.jpg\" alt=\"\" data-id=\"665\" data-link=\"http:\/\/guillaume-castel-archi.com\/?attachment_id=665\" srcset=\"https:\/\/guillaume-castel-archi.com\/wp-content\/uploads\/2019\/10\/11-Halls-dentr\u00e9e-92-1024x724.jpg 1024w, https:\/\/guillaume-castel-archi.com\/wp-content\/uploads\/2019\/10\/11-Halls-dentr\u00e9e-92-300x212.jpg 300w, https:\/\/guillaume-castel-archi.com\/wp-content\/uploads\/2019\/10\/11-Halls-dentr\u00e9e-92-768x543.jpg 768w\" sizes=\"(max-width: 767px) 89vw, (max-width: 1000px) 54vw, (max-width: 1071px) 543px, 580px\" \/><\/figure>\n<\/li>\n<li class=\"blocks-gallery-item\">\n<figure><img decoding=\"async\" loading=\"lazy\" width=\"1024\" height=\"724\" class=\"wp-image-664\" src=\"http:\/\/guillaume-castel-archi.com\/wp-content\/uploads\/2019\/10\/11-Halls-dentr\u00e9e-91-1024x724.jpg\" alt=\"\" data-id=\"664\" data-link=\"http:\/\/guillaume-castel-archi.com\/?attachment_id=664\" srcset=\"https:\/\/guillaume-castel-archi.com\/wp-content\/uploads\/2019\/10\/11-Halls-dentr\u00e9e-91-1024x724.jpg 1024w, https:\/\/guillaume-castel-archi.com\/wp-content\/uploads\/2019\/10\/11-Halls-dentr\u00e9e-91-300x212.jpg 300w, https:\/\/guillaume-castel-archi.com\/wp-content\/uploads\/2019\/10\/11-Halls-dentr\u00e9e-91-768x543.jpg 768w\" sizes=\"(max-width: 767px) 89vw, (max-width: 1000px) 54vw, (max-width: 1071px) 543px, 580px\" \/><\/figure>\n<\/li>\n<\/ul>\n<p><!-- \/wp:gallery --><\/p>\n<p><!-- wp:image {\"id\":811,\"width\":113,\"height\":113,\"sizeSlug\":\"thumbnail\"} --><\/p>\n<p><br \/><!-- \/wp:image --><\/p>\n<p><!-- wp:paragraph --><\/p>\n<p><!-- \/wp:paragraph --><\/p>\n\n<!-- wp:paragraph -->\n<p><\/p>\n<!-- \/wp:paragraph -->","protected":false},"excerpt":{"rendered":"<p>Agence d&rsquo;Architecture F Guignetrand Ma\u00eetrise d&rsquo;ouvrage : OPAC de l&rsquo;Oise, b\u00e2timent neuf R\u00e9sidence neuve de 69 logements dont 18 logts locatifs avec commerce et 41 logts en accession \u00e0 Nanteuil-le-Haudouin Surface = 2 400 m\u00b2 Livraison : 2020 R\u00f4le sur le projet Architecte chef de projet, Construction de 3 b\u00e2timents sur le site d&rsquo;un ancien &hellip; <\/p>\n<p class=\"link-more\"><a href=\"https:\/\/guillaume-castel-archi.com\/?page_id=609\" class=\"more-link\">Continuer la lecture<span class=\"screen-reader-text\"> de &laquo;&nbsp;Guignetrand 69 logements&nbsp;&raquo;<\/span><\/a><\/p>\n","protected":false},"author":1,"featured_media":0,"parent":197,"menu_order":0,"comment_status":"closed","ping_status":"closed","template":"","meta":[],"_links":{"self":[{"href":"https:\/\/guillaume-castel-archi.com\/index.php?rest_route=\/wp\/v2\/pages\/609"}],"collection":[{"href":"https:\/\/guillaume-castel-archi.com\/index.php?rest_route=\/wp\/v2\/pages"}],"about":[{"href":"https:\/\/guillaume-castel-archi.com\/index.php?rest_route=\/wp\/v2\/types\/page"}],"author":[{"embeddable":true,"href":"https:\/\/guillaume-castel-archi.com\/index.php?rest_route=\/wp\/v2\/users\/1"}],"replies":[{"embeddable":true,"href":"https:\/\/guillaume-castel-archi.com\/index.php?rest_route=%2Fwp%2Fv2%2Fcomments&post=609"}],"version-history":[{"count":7,"href":"https:\/\/guillaume-castel-archi.com\/index.php?rest_route=\/wp\/v2\/pages\/609\/revisions"}],"predecessor-version":[{"id":1200,"href":"https:\/\/guillaume-castel-archi.com\/index.php?rest_route=\/wp\/v2\/pages\/609\/revisions\/1200"}],"up":[{"embeddable":true,"href":"https:\/\/guillaume-castel-archi.com\/index.php?rest_route=\/wp\/v2\/pages\/197"}],"wp:attachment":[{"href":"https:\/\/guillaume-castel-archi.com\/index.php?rest_route=%2Fwp%2Fv2%2Fmedia&parent=609"}],"curies":[{"name":"wp","href":"https:\/\/api.w.org\/{rel}","templated":true}]}}