{"id":733,"date":"2019-10-13T17:32:11","date_gmt":"2019-10-13T15:32:11","guid":{"rendered":"http:\/\/guillaume-castel-archi.com\/?page_id=733"},"modified":"2020-04-28T13:07:17","modified_gmt":"2020-04-28T11:07:17","slug":"guignetrand-avenue-montaigne","status":"publish","type":"page","link":"https:\/\/guillaume-castel-archi.com\/?page_id=733","title":{"rendered":"Guignetrand Avenue montaigne"},"content":{"rendered":"\n<figure class=\"wp-block-gallery columns-2 is-cropped wp-block-gallery-1 is-layout-flex\"><ul class=\"blocks-gallery-grid\"><li class=\"blocks-gallery-item\"><figure><a href=\"http:\/\/guillaume-castel-archi.com\/wp-content\/uploads\/2019\/10\/Mont-3-768x1024.jpg\"><img decoding=\"async\" loading=\"lazy\" width=\"768\" height=\"1024\" src=\"http:\/\/guillaume-castel-archi.com\/wp-content\/uploads\/2019\/10\/Mont-3-768x1024.jpg\" alt=\"\" data-id=\"639\" data-link=\"http:\/\/guillaume-castel-archi.com\/?attachment_id=639\" class=\"wp-image-639\" srcset=\"https:\/\/guillaume-castel-archi.com\/wp-content\/uploads\/2019\/10\/Mont-3-768x1024.jpg 768w, https:\/\/guillaume-castel-archi.com\/wp-content\/uploads\/2019\/10\/Mont-3-225x300.jpg 225w\" sizes=\"(max-width: 767px) 89vw, (max-width: 1000px) 54vw, (max-width: 1071px) 543px, 580px\" \/><\/a><\/figure><\/li><li class=\"blocks-gallery-item\"><figure><a href=\"http:\/\/guillaume-castel-archi.com\/wp-content\/uploads\/2019\/10\/Mont-2-1024x768.jpg\"><img decoding=\"async\" loading=\"lazy\" width=\"1024\" height=\"768\" src=\"http:\/\/guillaume-castel-archi.com\/wp-content\/uploads\/2019\/10\/Mont-2-1024x768.jpg\" alt=\"\" data-id=\"638\" data-link=\"http:\/\/guillaume-castel-archi.com\/?attachment_id=638\" class=\"wp-image-638\" srcset=\"https:\/\/guillaume-castel-archi.com\/wp-content\/uploads\/2019\/10\/Mont-2-1024x768.jpg 1024w, https:\/\/guillaume-castel-archi.com\/wp-content\/uploads\/2019\/10\/Mont-2-300x225.jpg 300w, https:\/\/guillaume-castel-archi.com\/wp-content\/uploads\/2019\/10\/Mont-2-768x576.jpg 768w\" sizes=\"(max-width: 767px) 89vw, (max-width: 1000px) 54vw, (max-width: 1071px) 543px, 580px\" \/><\/a><\/figure><\/li><li class=\"blocks-gallery-item\"><figure><a href=\"http:\/\/guillaume-castel-archi.com\/wp-content\/uploads\/2019\/10\/Mont-1-1024x768.jpg\"><img decoding=\"async\" loading=\"lazy\" width=\"1024\" height=\"768\" src=\"http:\/\/guillaume-castel-archi.com\/wp-content\/uploads\/2019\/10\/Mont-1-1024x768.jpg\" alt=\"\" data-id=\"637\" data-link=\"http:\/\/guillaume-castel-archi.com\/?attachment_id=637\" class=\"wp-image-637\" srcset=\"https:\/\/guillaume-castel-archi.com\/wp-content\/uploads\/2019\/10\/Mont-1-1024x768.jpg 1024w, https:\/\/guillaume-castel-archi.com\/wp-content\/uploads\/2019\/10\/Mont-1-300x225.jpg 300w, https:\/\/guillaume-castel-archi.com\/wp-content\/uploads\/2019\/10\/Mont-1-768x576.jpg 768w\" sizes=\"(max-width: 767px) 89vw, (max-width: 1000px) 54vw, (max-width: 1071px) 543px, 580px\" \/><\/a><\/figure><\/li><li class=\"blocks-gallery-item\"><figure><a href=\"http:\/\/guillaume-castel-archi.com\/wp-content\/uploads\/2019\/10\/Mont-9-768x1024.jpg\"><img decoding=\"async\" loading=\"lazy\" width=\"768\" height=\"1024\" src=\"http:\/\/guillaume-castel-archi.com\/wp-content\/uploads\/2019\/10\/Mont-9-768x1024.jpg\" alt=\"\" data-id=\"645\" data-link=\"http:\/\/guillaume-castel-archi.com\/?attachment_id=645\" class=\"wp-image-645\" srcset=\"https:\/\/guillaume-castel-archi.com\/wp-content\/uploads\/2019\/10\/Mont-9-768x1024.jpg 768w, https:\/\/guillaume-castel-archi.com\/wp-content\/uploads\/2019\/10\/Mont-9-225x300.jpg 225w\" sizes=\"(max-width: 767px) 89vw, (max-width: 1000px) 54vw, (max-width: 1071px) 543px, 580px\" \/><\/a><\/figure><\/li><li class=\"blocks-gallery-item\"><figure><a href=\"http:\/\/guillaume-castel-archi.com\/wp-content\/uploads\/2019\/10\/Mont-8-1024x768.jpg\"><img decoding=\"async\" loading=\"lazy\" width=\"1024\" height=\"768\" src=\"http:\/\/guillaume-castel-archi.com\/wp-content\/uploads\/2019\/10\/Mont-8-1024x768.jpg\" alt=\"\" data-id=\"644\" data-link=\"http:\/\/guillaume-castel-archi.com\/?attachment_id=644\" class=\"wp-image-644\" srcset=\"https:\/\/guillaume-castel-archi.com\/wp-content\/uploads\/2019\/10\/Mont-8-1024x768.jpg 1024w, https:\/\/guillaume-castel-archi.com\/wp-content\/uploads\/2019\/10\/Mont-8-300x225.jpg 300w, https:\/\/guillaume-castel-archi.com\/wp-content\/uploads\/2019\/10\/Mont-8-768x576.jpg 768w\" sizes=\"(max-width: 767px) 89vw, (max-width: 1000px) 54vw, (max-width: 1071px) 543px, 580px\" \/><\/a><\/figure><\/li><li class=\"blocks-gallery-item\"><figure><a href=\"http:\/\/guillaume-castel-archi.com\/wp-content\/uploads\/2019\/10\/Mont-6-1024x768.jpg\"><img decoding=\"async\" loading=\"lazy\" width=\"1024\" height=\"768\" src=\"http:\/\/guillaume-castel-archi.com\/wp-content\/uploads\/2019\/10\/Mont-6-1024x768.jpg\" alt=\"\" data-id=\"642\" data-link=\"http:\/\/guillaume-castel-archi.com\/?attachment_id=642\" class=\"wp-image-642\" srcset=\"https:\/\/guillaume-castel-archi.com\/wp-content\/uploads\/2019\/10\/Mont-6-1024x768.jpg 1024w, https:\/\/guillaume-castel-archi.com\/wp-content\/uploads\/2019\/10\/Mont-6-300x225.jpg 300w, https:\/\/guillaume-castel-archi.com\/wp-content\/uploads\/2019\/10\/Mont-6-768x576.jpg 768w\" sizes=\"(max-width: 767px) 89vw, (max-width: 1000px) 54vw, (max-width: 1071px) 543px, 580px\" \/><\/a><\/figure><\/li><li class=\"blocks-gallery-item\"><figure><a href=\"http:\/\/guillaume-castel-archi.com\/wp-content\/uploads\/2019\/10\/Mont-5-1024x768.jpg\"><img decoding=\"async\" loading=\"lazy\" width=\"1024\" height=\"768\" src=\"http:\/\/guillaume-castel-archi.com\/wp-content\/uploads\/2019\/10\/Mont-5-1024x768.jpg\" alt=\"\" data-id=\"641\" data-link=\"http:\/\/guillaume-castel-archi.com\/?attachment_id=641\" class=\"wp-image-641\" srcset=\"https:\/\/guillaume-castel-archi.com\/wp-content\/uploads\/2019\/10\/Mont-5-1024x768.jpg 1024w, https:\/\/guillaume-castel-archi.com\/wp-content\/uploads\/2019\/10\/Mont-5-300x225.jpg 300w, https:\/\/guillaume-castel-archi.com\/wp-content\/uploads\/2019\/10\/Mont-5-768x576.jpg 768w\" sizes=\"(max-width: 767px) 89vw, (max-width: 1000px) 54vw, (max-width: 1071px) 543px, 580px\" \/><\/a><\/figure><\/li><\/ul><\/figure>\n\n\n<p class=\"has-text-align-justify\">Agence d&rsquo;Architecture F Guignetrand<\/p>\n<p><!-- \/wp:paragraph --><!-- wp:paragraph {\"align\":\"justify\"} --><\/p>\n<p><!-- \/wp:paragraph --><!-- wp:paragraph --><\/p>\n<p>Ma\u00eetrise d&rsquo;ouvrage : Cabinet de gestion, b\u00e2timent existant<\/p>\n<p>R\u00e9novation des fa\u00e7ades sur cour et de la toiture zinc d&rsquo;un immeuble de logements, avenue Montaigne \u00e0 Paris 8eme.<\/p>\n<p><!-- \/wp:paragraph --><!-- wp:paragraph --><\/p>\n<p><!-- wp:paragraph --><\/p>\n<p>Livraison : Septembre 2015<\/p>\n<p><!-- \/wp:paragraph --><\/p>\n<p><!-- wp:paragraph --><\/p>\n<p><!-- \/wp:paragraph --><\/p>\n<p><!-- wp:paragraph --><\/p>\n<p><strong>R\u00f4le sur le projet<\/strong><\/p>\n<p><!-- \/wp:paragraph --><\/p>\n<p><!-- wp:paragraph --><\/p>\n<p>Architecte assistant chef de projet,<\/p>\n<p><!-- \/wp:paragraph --><\/p>\n<p><!-- wp:paragraph --><\/p>\n<p>Gestion de chantier<\/p>\n<p><!--EndFragment--><\/p>\n\n<!-- wp:image {\"id\":645,\"width\":113,\"height\":113,\"sizeSlug\":\"thumbnail\"} -->\n<figure class=\"wp-block-image size-thumbnail is-resized\"><a href=\"https:\/\/archipiade.fr\/amp\/\" target=\"_blank\" rel=\"noopener noreferrer\"><img decoding=\"async\" loading=\"lazy\" src=\"http:\/\/guillaume-castel-archi.com\/wp-content\/uploads\/2019\/10\/Mont-9-150x150.jpg\" alt=\"\" class=\"wp-image-645\" width=\"113\" height=\"113\" srcset=\"https:\/\/guillaume-castel-archi.com\/wp-content\/uploads\/2019\/10\/Mont-9-150x150.jpg 150w, https:\/\/guillaume-castel-archi.com\/wp-content\/uploads\/2019\/10\/Mont-9-100x100.jpg 100w\" sizes=\"(max-width: 113px) 100vw, 113px\" \/><\/a><figcaption>Voir le projet sur le site Archipiade<\/figcaption><\/figure>\n<!-- \/wp:image -->","protected":false},"excerpt":{"rendered":"<p>Agence d&rsquo;Architecture F Guignetrand Ma\u00eetrise d&rsquo;ouvrage : Cabinet de gestion, b\u00e2timent existant R\u00e9novation des fa\u00e7ades sur cour et de la toiture zinc d&rsquo;un immeuble de logements, avenue Montaigne \u00e0 Paris 8eme. Livraison : Septembre 2015 R\u00f4le sur le projet Architecte assistant chef de projet, Gestion de chantier Voir le projet sur le site Archipiade<\/p>\n","protected":false},"author":1,"featured_media":0,"parent":197,"menu_order":0,"comment_status":"closed","ping_status":"closed","template":"","meta":[],"_links":{"self":[{"href":"https:\/\/guillaume-castel-archi.com\/index.php?rest_route=\/wp\/v2\/pages\/733"}],"collection":[{"href":"https:\/\/guillaume-castel-archi.com\/index.php?rest_route=\/wp\/v2\/pages"}],"about":[{"href":"https:\/\/guillaume-castel-archi.com\/index.php?rest_route=\/wp\/v2\/types\/page"}],"author":[{"embeddable":true,"href":"https:\/\/guillaume-castel-archi.com\/index.php?rest_route=\/wp\/v2\/users\/1"}],"replies":[{"embeddable":true,"href":"https:\/\/guillaume-castel-archi.com\/index.php?rest_route=%2Fwp%2Fv2%2Fcomments&post=733"}],"version-history":[{"count":4,"href":"https:\/\/guillaume-castel-archi.com\/index.php?rest_route=\/wp\/v2\/pages\/733\/revisions"}],"predecessor-version":[{"id":1205,"href":"https:\/\/guillaume-castel-archi.com\/index.php?rest_route=\/wp\/v2\/pages\/733\/revisions\/1205"}],"up":[{"embeddable":true,"href":"https:\/\/guillaume-castel-archi.com\/index.php?rest_route=\/wp\/v2\/pages\/197"}],"wp:attachment":[{"href":"https:\/\/guillaume-castel-archi.com\/index.php?rest_route=%2Fwp%2Fv2%2Fmedia&parent=733"}],"curies":[{"name":"wp","href":"https:\/\/api.w.org\/{rel}","templated":true}]}}